{"id":179,"date":"2024-01-06T09:26:24","date_gmt":"2024-01-06T09:26:24","guid":{"rendered":"https:\/\/hxhdenim.com\/?page_id=179"},"modified":"2024-03-11T02:35:31","modified_gmt":"2024-03-11T02:35:31","slug":"about","status":"publish","type":"page","link":"https:\/\/hxhdenim.com\/es\/about\/","title":{"rendered":"Acerca de Foshan Nanhai HongXingHong Textile Co., Ltd"},"content":{"rendered":"<div data-elementor-type=\"wp-page\" data-elementor-id=\"179\" class=\"elementor elementor-179\">\n\t\t\t\t<div class=\"elementor-element elementor-element-89f90e8 e-flex e-con-boxed wd-section-disabled e-con e-parent\" data-id=\"89f90e8\" data-element_type=\"container\" data-e-type=\"container\">\n\t\t\t\t\t<div class=\"e-con-inner\">\n\t\t\t\t<div class=\"elementor-element elementor-element-1c9eee7 wd-single-breadcrumbs wd-breadcrumbs text-left elementor-widget elementor-widget-wd_wc_breadcrumb\" data-id=\"1c9eee7\" data-element_type=\"widget\" data-e-type=\"widget\" data-widget_type=\"wd_wc_breadcrumb.default\">\n\t\t\t\t<div class=\"elementor-widget-container\">\n\t\t\t\t\t<nav class=\"woocommerce-breadcrumb\" aria-label=\"Migaja de pan\">\t\t\t\t<span class=\"breadcrumb-last\">\n\t\t\t\t\tInicio\t\t\t\t<\/span>\n\t\t\t<\/nav>\t\t\t\t<\/div>\n\t\t\t\t<\/div>\n\t\t\t\t\t<\/div>\n\t\t\t\t<\/div>\n\t\t<div class=\"elementor-element elementor-element-5c1c14d e-flex e-con-boxed wd-section-disabled e-con e-parent\" data-id=\"5c1c14d\" data-element_type=\"container\" data-e-type=\"container\">\n\t\t\t\t\t<div class=\"e-con-inner\">\n\t\t\t\t<div class=\"elementor-element elementor-element-51854ea elementor-widget elementor-widget-wd_title\" data-id=\"51854ea\" data-element_type=\"widget\" data-e-type=\"widget\" data-widget_type=\"wd_title.default\">\n\t\t\t\t<div class=\"elementor-widget-container\">\n\t\t\t\t\t\t\t<div class=\"title-wrapper set-mb-s reset-last-child wd-title-color-default wd-title-style-default wd-title-size-default text-center\">\n\n\t\t\t\n\t\t\t<div class=\"liner-continer\">\n\t\t\t\t<h1 class=\"woodmart-title-container title wd-fontsize-l\">Acerca de Foshan Nanhai HongXingHong Textile Co., Ltd<\/h1> \n\t\t\t\t\t\t\t<\/div>\n\n\t\t\t\t\t<\/div>\n\t\t\t\t\t\t<\/div>\n\t\t\t\t<\/div>\n\t\t\t\t<div class=\"elementor-element elementor-element-8ef7a4a elementor-widget elementor-widget-wd_text_block\" data-id=\"8ef7a4a\" data-element_type=\"widget\" data-e-type=\"widget\" data-widget_type=\"wd_text_block.default\">\n\t\t\t\t<div class=\"elementor-widget-container\">\n\t\t\t\t\t\t\t<div class=\"wd-text-block reset-last-child text-left\">\n\t\t\t\n\t\t\t<p>HXH Denim, fundada en 2004, se ha consolidado como una piedra angular en la industria de los tejidos de mezclilla, reconocida por su compromiso con la calidad, la innovaci\u00f3n y la sostenibilidad. Con una fuerza laboral dedicada de aproximadamente 280 empleados repartidos entre nuestras f\u00e1bricas nuevas y antiguas, instalaciones de te\u00f1ido y oficinas corporativas, hemos creado una combinaci\u00f3n armoniosa de artesan\u00eda tradicional y tecnolog\u00eda moderna.<\/p>\n\t\t\t\t\t<\/div>\n\t\t\t\t\t\t<\/div>\n\t\t\t\t<\/div>\n\t\t\t\t<div class=\"elementor-element elementor-element-5d5354c elementor-widget elementor-widget-video\" data-id=\"5d5354c\" data-element_type=\"widget\" data-e-type=\"widget\" data-settings=\"{&quot;youtube_url&quot;:&quot;https:\\\/\\\/www.youtube.com\\\/watch?v=0-mBjQWj8bo&quot;,&quot;show_image_overlay&quot;:&quot;yes&quot;,&quot;image_overlay&quot;:{&quot;url&quot;:&quot;https:\\\/\\\/hxhdenim.com\\\/wp-content\\\/uploads\\\/2024\\\/01\\\/video-cover.jpg&quot;,&quot;id&quot;:244,&quot;size&quot;:&quot;&quot;,&quot;alt&quot;:&quot;Company Front Gate&quot;,&quot;source&quot;:&quot;library&quot;},&quot;video_type&quot;:&quot;youtube&quot;,&quot;controls&quot;:&quot;yes&quot;}\" data-widget_type=\"video.default\">\n\t\t\t\t<div class=\"elementor-widget-container\">\n\t\t\t\t\t\t\t<div class=\"elementor-wrapper elementor-open-inline\">\n\t\t\t<div class=\"elementor-video\"><\/div>\t\t\t\t<div class=\"elementor-custom-embed-image-overlay\" style=\"background-image: url(https:\/\/hxhdenim.com\/wp-content\/uploads\/2024\/01\/video-cover.jpg);\">\n\t\t\t\t\t\t\t\t\t\t\t\t\t\t\t\t<div class=\"elementor-custom-embed-play\" role=\"button\" aria-label=\"Reproducir video acerca de Company Front Gate\" tabindex=\"0\" data-no-translation-aria-label=\"\">\n\t\t\t\t\t\t\t<svg aria-hidden=\"true\" class=\"e-font-icon-svg e-eicon-play\" viewbox=\"0 0 1000 1000\" xmlns=\"http:\/\/www.w3.org\/2000\/svg\"><path d=\"M838 162C746 71 633 25 500 25 371 25 258 71 163 162 71 254 25 367 25 500 25 633 71 746 163 837 254 929 367 979 500 979 633 979 746 933 838 837 929 746 975 633 975 500 975 367 929 254 838 162M808 192C892 279 933 379 933 500 933 621 892 725 808 808 725 892 621 938 500 938 379 938 279 896 196 808 113 725 67 621 67 500 67 379 108 279 196 192 279 108 383 62 500 62 621 62 721 108 808 192M438 392V642L642 517 438 392Z\"><\/path><\/svg>\t\t\t\t\t\t<\/div>\n\t\t\t\t\t\t\t\t\t<\/div>\n\t\t\t\t\t<\/div>\n\t\t\t\t\t\t<\/div>\n\t\t\t\t<\/div>\n\t\t\t\t<div class=\"elementor-element elementor-element-f17bc38 elementor-widget elementor-widget-wd_text_block\" data-id=\"f17bc38\" data-element_type=\"widget\" data-e-type=\"widget\" data-widget_type=\"wd_text_block.default\">\n\t\t\t\t<div class=\"elementor-widget-container\">\n\t\t\t\t\t\t\t<div class=\"wd-text-block reset-last-child text-left\">\n\t\t\t\n\t\t\t<p>Nuestro viaje comenz\u00f3 con la visi\u00f3n de proporcionar telas de mezclilla de alta calidad a peque\u00f1as y medianas empresas. A lo largo de los a\u00f1os, hemos crecido no s\u00f3lo en tama\u00f1o sino tambi\u00e9n en estatura, convirti\u00e9ndonos en un nombre sin\u00f3nimo de excelencia en la industria local del denim. Nuestras capacidades de producci\u00f3n son un testimonio de nuestro compromiso con este oficio, con la capacidad de producir 50.000 metros de tela vaquera por d\u00eda, ampliando hasta una capacidad de suministro m\u00e1xima de 2,2 millones de metros.<span style=\"font-size: 16px; background-color: var(--wd-main-bgcolor); color: var(--wd-text-color);\"><\/span><\/p>\n\t\t\t\t\t<\/div>\n\t\t\t\t\t\t<\/div>\n\t\t\t\t<\/div>\n\t\t\t\t<div class=\"elementor-element elementor-element-a4afea7 elementor-widget elementor-widget-wd_images_gallery\" data-id=\"a4afea7\" data-element_type=\"widget\" data-e-type=\"widget\" data-widget_type=\"wd_images_gallery.default\">\n\t\t\t\t<div class=\"elementor-widget-container\">\n\t\t\t\t\t\t\t<div class=\"wd-images-gallery wd-justify-center wd-items-middle view-carousel photoswipe-images wd-carousel-spacing-0 wd-carousel-container\" data-owl-carousel data-speed=\"\" data-slides_per_view_tablet='{\"size\":\"\"}' data-slides_per_view_mobile='{\"size\":\"\"}' data-wrap=\"no\" data-hide_pagination_control=\"no\" data-hide_prev_next_buttons=\"no\" data-desktop=\"3\" data-tablet_landscape=\"3\" data-tablet=\"2\" data-mobile=\"1\">\n\t\t\t<div class=\"gallery-images owl-carousel wd-owl owl-items-lg-3 owl-items-md-3 owl-items-sm-2 owl-items-xs-1\">\n\t\t\t\t\t\t\t\t\t\t\t\t\t\t<div class=\"wd-gallery-item\">\n\t\t\t\t\t\t\t\t\t\t\t\t\t<a  href=\"https:\/\/hxhdenim.com\/wp-content\/uploads\/2024\/01\/raw-material-warehouse.jpg\"data-width=\"1200\" data-height=\"797\" data-index=\"1\" data-elementor-open-lightbox=\"no\">\n\t\t\t\t\t\t\n\t\t\t\t\t\t<img decoding=\"async\" src=\"https:\/\/hxhdenim.com\/wp-content\/uploads\/2024\/01\/raw-material-warehouse-1024x680.jpg\" alt=\"almac\u00e9n de materia prima\" title=\"\">\n\t\t\t\t\t\t\t\t\t\t\t\t\t<\/a>\n\t\t\t\t\t\t\t\t\t\t\t<\/div>\n\t\t\t\t\t\t\t\t\t\t\t\t\t\t\t<div class=\"wd-gallery-item\">\n\t\t\t\t\t\t\t\t\t\t\t\t\t<a  href=\"https:\/\/hxhdenim.com\/wp-content\/uploads\/2024\/01\/quality-testing.jpg\"data-width=\"1200\" data-height=\"800\" data-index=\"2\" data-elementor-open-lightbox=\"no\">\n\t\t\t\t\t\t\n\t\t\t\t\t\t<img decoding=\"async\" src=\"https:\/\/hxhdenim.com\/wp-content\/uploads\/2024\/01\/quality-testing-1024x683.jpg\" alt=\"pruebas de calidad\" title=\"\">\n\t\t\t\t\t\t\t\t\t\t\t\t\t<\/a>\n\t\t\t\t\t\t\t\t\t\t\t<\/div>\n\t\t\t\t\t\t\t\t\t\t\t\t\t\t\t<div class=\"wd-gallery-item\">\n\t\t\t\t\t\t\t\t\t\t\t\t\t<a  href=\"https:\/\/hxhdenim.com\/wp-content\/uploads\/2024\/01\/final-product-warehouse.jpg\"data-width=\"1200\" data-height=\"796\" data-index=\"3\" data-elementor-open-lightbox=\"no\">\n\t\t\t\t\t\t\n\t\t\t\t\t\t<img decoding=\"async\" src=\"https:\/\/hxhdenim.com\/wp-content\/uploads\/2024\/01\/final-product-warehouse-1024x679.jpg\" alt=\"almac\u00e9n de producto final\" title=\"\">\n\t\t\t\t\t\t\t\t\t\t\t\t\t<\/a>\n\t\t\t\t\t\t\t\t\t\t\t<\/div>\n\t\t\t\t\t\t\t\t\t\t\t\t\t\t\t<div class=\"wd-gallery-item\">\n\t\t\t\t\t\t\t\t\t\t\t\t\t<a  href=\"https:\/\/hxhdenim.com\/wp-content\/uploads\/2024\/01\/large-capacity-workshop.jpg\"data-width=\"1200\" data-height=\"800\" data-index=\"4\" data-elementor-open-lightbox=\"no\">\n\t\t\t\t\t\t\n\t\t\t\t\t\t<img decoding=\"async\" src=\"https:\/\/hxhdenim.com\/wp-content\/uploads\/2024\/01\/large-capacity-workshop-1024x683.jpg\" alt=\"taller de gran capacidad\" title=\"\">\n\t\t\t\t\t\t\t\t\t\t\t\t\t<\/a>\n\t\t\t\t\t\t\t\t\t\t\t<\/div>\n\t\t\t\t\t\t\t\t\t\t\t\t\t\t\t<div class=\"wd-gallery-item\">\n\t\t\t\t\t\t\t\t\t\t\t\t\t<a  href=\"https:\/\/hxhdenim.com\/wp-content\/uploads\/2024\/01\/our-show-room.jpg\"data-width=\"1200\" data-height=\"800\" data-index=\"5\" data-elementor-open-lightbox=\"no\">\n\t\t\t\t\t\t\n\t\t\t\t\t\t<img decoding=\"async\" src=\"https:\/\/hxhdenim.com\/wp-content\/uploads\/2024\/01\/our-show-room-1024x683.jpg\" alt=\"Acerca de HXH Demin\" title=\"\">\n\t\t\t\t\t\t\t\t\t\t\t\t\t<\/a>\n\t\t\t\t\t\t\t\t\t\t\t<\/div>\n\t\t\t\t\t\t\t\t<\/div>\n\t\t<\/div>\n\t\t\t\t\t\t<\/div>\n\t\t\t\t<\/div>\n\t\t\t\t<div class=\"elementor-element elementor-element-ba7b76a elementor-widget elementor-widget-wd_text_block\" data-id=\"ba7b76a\" data-element_type=\"widget\" data-e-type=\"widget\" data-widget_type=\"wd_text_block.default\">\n\t\t\t\t<div class=\"elementor-widget-container\">\n\t\t\t\t\t\t\t<div class=\"wd-text-block reset-last-child text-left\">\n\t\t\t\n\t\t\t<p>El coraz\u00f3n de HXH Denim est\u00e1 en su gente. Nuestro equipo, formado por 110 trabajadores en nuestra antigua f\u00e1brica, 120 en la nueva, 30 en la tintorer\u00eda y unos 20 empleados de oficina, es la fuerza impulsora de nuestro \u00e9xito. Cada miembro de la familia HXH comparte un objetivo com\u00fan: crear tela vaquera que cumpla con los m\u00e1s altos est\u00e1ndares de calidad y sostenibilidad.<\/p>\n\t\t\t\t\t<\/div>\n\t\t\t\t\t\t<\/div>\n\t\t\t\t<\/div>\n\t\t\t\t<div class=\"elementor-element elementor-element-81b3fc2 elementor-widget elementor-widget-wd_image_or_svg\" data-id=\"81b3fc2\" data-element_type=\"widget\" data-e-type=\"widget\" data-widget_type=\"wd_image_or_svg.default\">\n\t\t\t\t<div class=\"elementor-widget-container\">\n\t\t\t\t\t\n\t\t<div class=\"wd-image text-left\">\n\t\t\t\t\t\t\t\t<img fetchpriority=\"high\" decoding=\"async\" width=\"1500\" height=\"1000\" src=\"https:\/\/hxhdenim.com\/wp-content\/uploads\/2024\/01\/120-employees.jpg\" class=\"attachment-full size-full\" alt=\"120 empleados\" srcset=\"https:\/\/hxhdenim.com\/wp-content\/uploads\/2024\/01\/120-employees.jpg 1500w, https:\/\/hxhdenim.com\/wp-content\/uploads\/2024\/01\/120-employees-300x200.jpg 300w, https:\/\/hxhdenim.com\/wp-content\/uploads\/2024\/01\/120-employees-1024x683.jpg 1024w, https:\/\/hxhdenim.com\/wp-content\/uploads\/2024\/01\/120-employees-768x512.jpg 768w, https:\/\/hxhdenim.com\/wp-content\/uploads\/2024\/01\/120-employees-600x400.jpg 600w, https:\/\/hxhdenim.com\/wp-content\/uploads\/2024\/01\/120-employees-150x100.jpg 150w\" sizes=\"(max-width: 1500px) 100vw, 1500px\" title=\"\">\t\t\t\t\t<\/div>\n\n\t\t\t\t\t\t<\/div>\n\t\t\t\t<\/div>\n\t\t\t\t<div class=\"elementor-element elementor-element-6120748 elementor-widget elementor-widget-wd_text_block\" data-id=\"6120748\" data-element_type=\"widget\" data-e-type=\"widget\" data-widget_type=\"wd_text_block.default\">\n\t\t\t\t<div class=\"elementor-widget-container\">\n\t\t\t\t\t\t\t<div class=\"wd-text-block reset-last-child text-left\">\n\t\t\t\n\t\t\t<p>Desde el punto de vista financiero, hemos experimentado un crecimiento s\u00f3lido, con activos que alcanzar\u00e1n los $89,23 millones en 2023. Esta salud financiera nos permite invertir en tecnolog\u00eda de vanguardia, bienestar de los empleados y pr\u00e1cticas sostenibles. Nuestra infraestructura de producci\u00f3n cuenta con 270 m\u00e1quinas tejidas de \u00faltima generaci\u00f3n, 4 l\u00edneas de te\u00f1ido y una l\u00ednea dedicada al algod\u00f3n, lo que garantiza eficiencia, calidad y responsabilidad ambiental en cada etapa de la producci\u00f3n.<\/p>\n<p>En HXH Denim, creemos en el poder de las asociaciones y la comunidad. Hemos fomentado relaciones s\u00f3lidas con nuestros clientes, brind\u00e1ndoles no solo telas, sino tambi\u00e9n soluciones que impulsan su \u00e9xito. Nuestro enfoque empresarial es colaborativo y centrado en el cliente, garantizando que cada asociaci\u00f3n se base en la confianza, la calidad y el crecimiento mutuo.<\/p>\n<p>Nuestro compromiso con la responsabilidad social y la sostenibilidad ambiental es inquebrantable. Entendemos el impacto de nuestra industria en el planeta y estamos dedicados a minimizar nuestra huella ecol\u00f3gica. Este compromiso se refleja en nuestros procesos de fabricaci\u00f3n sostenibles, pr\u00e1cticas de reducci\u00f3n de residuos e iniciativas destinadas a conservar los recursos naturales. No s\u00f3lo producimos mezclilla; Estamos tejiendo un futuro mejor para nuestra comunidad y el medio ambiente.<\/p>\n\t\t\t\t\t<\/div>\n\t\t\t\t\t\t<\/div>\n\t\t\t\t<\/div>\n\t\t\t\t<div class=\"elementor-element elementor-element-ef28e9f elementor-widget elementor-widget-wd_image_or_svg\" data-id=\"ef28e9f\" data-element_type=\"widget\" data-e-type=\"widget\" data-widget_type=\"wd_image_or_svg.default\">\n\t\t\t\t<div class=\"elementor-widget-container\">\n\t\t\t\t\t\n\t\t<div class=\"wd-image text-left\">\n\t\t\t\t\t\t\t\t<img decoding=\"async\" width=\"1200\" height=\"800\" src=\"https:\/\/hxhdenim.com\/wp-content\/uploads\/2024\/01\/our-show-room.jpg\" class=\"attachment-full size-full\" alt=\"Acerca de HXH Demin\" srcset=\"https:\/\/hxhdenim.com\/wp-content\/uploads\/2024\/01\/our-show-room.jpg 1200w, https:\/\/hxhdenim.com\/wp-content\/uploads\/2024\/01\/our-show-room-300x200.jpg 300w, https:\/\/hxhdenim.com\/wp-content\/uploads\/2024\/01\/our-show-room-1024x683.jpg 1024w, https:\/\/hxhdenim.com\/wp-content\/uploads\/2024\/01\/our-show-room-768x512.jpg 768w, https:\/\/hxhdenim.com\/wp-content\/uploads\/2024\/01\/our-show-room-600x400.jpg 600w, https:\/\/hxhdenim.com\/wp-content\/uploads\/2024\/01\/our-show-room-150x100.jpg 150w\" sizes=\"(max-width: 1200px) 100vw, 1200px\" title=\"\">\t\t\t\t\t<\/div>\n\n\t\t\t\t\t\t<\/div>\n\t\t\t\t<\/div>\n\t\t\t\t<div class=\"elementor-element elementor-element-787b74b elementor-widget elementor-widget-wd_text_block\" data-id=\"787b74b\" data-element_type=\"widget\" data-e-type=\"widget\" data-widget_type=\"wd_text_block.default\">\n\t\t\t\t<div class=\"elementor-widget-container\">\n\t\t\t\t\t\t\t<div class=\"wd-text-block reset-last-child text-left\">\n\t\t\t\n\t\t\t<p>La innovaci\u00f3n es el n\u00facleo de HXH Denim. Exploramos continuamente nuevas tecnolog\u00edas y m\u00e9todos para mejorar la calidad y la sostenibilidad de nuestro tejido denim. Nuestro equipo de I+D trabaja incansablemente para mantenerse a la vanguardia de las tendencias de la industria, garantizando que HXH Denim permanezca a la vanguardia del sector de fabricaci\u00f3n de mezclilla.<\/p>\n<p>Nuestra posici\u00f3n en el mercado es un reflejo de nuestra incesante b\u00fasqueda de la excelencia. Nos hemos hecho un hueco en la industria local como proveedor l\u00edder de telas de mezclilla de alta calidad, conocidos por nuestra confiabilidad, innovaci\u00f3n y servicio al cliente. Nuestra ventaja competitiva radica en nuestra capacidad para adaptarnos r\u00e1pidamente a los cambios del mercado, nuestro profundo conocimiento del tejido denim y nuestro compromiso con nuestros clientes.<\/p>\n<p>De cara al futuro, HXH Denim est\u00e1 preparado para lograr logros a\u00fan mayores. Nuestra visi\u00f3n se extiende m\u00e1s all\u00e1 de nuestros \u00e9xitos actuales, ya que nuestro objetivo es ampliar nuestro alcance, explorar nuevos mercados y continuar innovando en nuestro campo. No s\u00f3lo nos mantenemos al d\u00eda; nosotros estamos marcando el ritmo.<\/p>\n<p>HXH Denim es m\u00e1s que una simple f\u00e1brica de tejidos de mezclilla; Somos un centro de innovaci\u00f3n, calidad y sostenibilidad. Le invitamos a unirse a nosotros en este viaje de excelencia. Ya sea un cliente potencial, un visitante curioso o un futuro socio, lo invitamos a explorar el mundo de HXH Denim, donde cada hilo teje una historia de pasi\u00f3n, precisi\u00f3n y prop\u00f3sito.<\/p>\n\t\t\t\t\t<\/div>\n\t\t\t\t\t\t<\/div>\n\t\t\t\t<\/div>\n\t\t\t\t\t<\/div>\n\t\t\t\t<\/div>\n\t\t\t\t<\/div>","protected":false},"excerpt":{"rendered":"<p>Home About Foshan Nanhai HongXingHong Textile Co.,Ltd HXH Denim founded in 2004, we has established itself as a cornerstone in<\/p>","protected":false},"author":1,"featured_media":352,"parent":0,"menu_order":0,"comment_status":"closed","ping_status":"closed","template":"","meta":{"_lmt_disableupdate":"","_lmt_disable":"","footnotes":""},"class_list":["post-179","page","type-page","status-publish","has-post-thumbnail","hentry"],"_links":{"self":[{"href":"https:\/\/hxhdenim.com\/es\/wp-json\/wp\/v2\/pages\/179","targetHints":{"allow":["GET"]}}],"collection":[{"href":"https:\/\/hxhdenim.com\/es\/wp-json\/wp\/v2\/pages"}],"about":[{"href":"https:\/\/hxhdenim.com\/es\/wp-json\/wp\/v2\/types\/page"}],"author":[{"embeddable":true,"href":"https:\/\/hxhdenim.com\/es\/wp-json\/wp\/v2\/users\/1"}],"replies":[{"embeddable":true,"href":"https:\/\/hxhdenim.com\/es\/wp-json\/wp\/v2\/comments?post=179"}],"version-history":[{"count":21,"href":"https:\/\/hxhdenim.com\/es\/wp-json\/wp\/v2\/pages\/179\/revisions"}],"predecessor-version":[{"id":1316,"href":"https:\/\/hxhdenim.com\/es\/wp-json\/wp\/v2\/pages\/179\/revisions\/1316"}],"wp:featuredmedia":[{"embeddable":true,"href":"https:\/\/hxhdenim.com\/es\/wp-json\/wp\/v2\/media\/352"}],"wp:attachment":[{"href":"https:\/\/hxhdenim.com\/es\/wp-json\/wp\/v2\/media?parent=179"}],"curies":[{"name":"wp","href":"https:\/\/api.w.org\/{rel}","templated":true}]}}