{"id":480,"date":"2024-01-21T08:08:02","date_gmt":"2024-01-21T08:08:02","guid":{"rendered":"https:\/\/hxhdenim.com\/?post_type=product&#038;p=480"},"modified":"2024-03-07T02:41:14","modified_gmt":"2024-03-07T02:41:14","slug":"789","status":"publish","type":"product","link":"https:\/\/hxhdenim.com\/es\/product\/789\/","title":{"rendered":"Color gris azul, gran ancho, gran elasticidad."},"content":{"rendered":"<div data-elementor-type=\"wp-post\" data-elementor-id=\"480\" class=\"elementor elementor-480\">\n\t\t\t\t<div class=\"wd-negative-gap elementor-element elementor-element-fcb7547 e-flex e-con-boxed wd-section-disabled e-con e-parent\" data-id=\"fcb7547\" data-element_type=\"container\" data-e-type=\"container\">\n\t\t\t\t\t<div class=\"e-con-inner\">\n\t\t\t\t<div class=\"elementor-element elementor-element-5a6fae1 elementor-widget elementor-widget-wd_table\" data-id=\"5a6fae1\" data-element_type=\"widget\" data-e-type=\"widget\" data-widget_type=\"wd_table.default\">\n\t\t\t\t<div class=\"elementor-widget-container\">\n\t\t\t\t\t\t\t<div class=\"wd-el-table-wrap wd-reset-all-last\">\n\t\t\t<table class=\"wd-el-table\">\n\t\t\t\t\t\t\t\t\t<thead class=\"text-left\">\n\t\t\t\t\t\t\t\t\t\t\t\t\t\t\t\t\t\t\t\t\t\t\t\t\t\t\t\t\t\t<tr class=\"wd-table-row elementor-repeater-item-e254027\">\n\t\t\t\t\t\t\t\t\t\t\t\t\t\t\t\t\t\t\t\t\t\t\t\t\t\t\t\t\t\t\t\t\t\t\t\t<th class=\"wd-table-cell elementor-repeater-item-0a64b9a\" colspan=\"1\" rowspan=\"1\">\n\t\t\t\t\t\t\t\t\t<p><strong>especiaci\u00f3n<\/strong><\/p>\t\t\t\t\t\t\t\t<\/th>\n\t\t\t\t\t\t\t\t\t\t\t\t\t\t\t\t\t\t\t<\/tr>\n\t\t\t\t\t<\/thead>\n\t\t\t\t\n\t\t\t\t<tbody class=\"text-left\">\n\t\t\t\t\t\t\t\t\t\t\t\t\t\t\t\t\t\t\t\t\t\t\t\t\t\t<tr class=\"wd-table-row elementor-repeater-item-964caf0\">\n\t\t\t\t\t\t\t\t\t\t\t\t\t\t\t\t\t\t\t\t\t\t\t\t\t\t\t\t\t\t\t<td class=\"wd-table-cell elementor-repeater-item-c2865c1\" colspan=\"1\" rowspan=\"1\">\n\t\t\t\t\t\t\t<p><strong>Peso<\/strong><\/p>\t\t\t\t\t\t\t<\/td>\n\t\t\t\t\t\t\t\t\t\t\t\t\t\t\t\t\t\t\t\t\t\t\t\t<td class=\"wd-table-cell elementor-repeater-item-eca9af7\" colspan=\"1\" rowspan=\"1\">\n\t\t\t\t\t\t\t<p>9,6 onzas<\/p>\t\t\t\t\t\t\t<\/td>\n\t\t\t\t\t\t\t\t\t\t\t\t\t\t\t\t\t\t\t\t\t\t\t\t\t\t\t\t\t\t\t\t<\/tr>\n\t\t\t\t\t\t\t\t<tr class=\"wd-table-row elementor-repeater-item-af2b69d\">\n\t\t\t\t\t\t\t\t\t\t\t\t\t\t\t\t\t\t\t\t\t\t\t\t\t\t\t\t\t\t\t<td class=\"wd-table-cell elementor-repeater-item-bde6f40\" colspan=\"1\" rowspan=\"1\">\n\t\t\t\t\t\t\t<p><strong>Ancho<\/strong><\/p>\t\t\t\t\t\t\t<\/td>\n\t\t\t\t\t\t\t\t\t\t\t\t\t\t\t\t\t\t\t\t\t\t\t\t<td class=\"wd-table-cell elementor-repeater-item-0394536\" colspan=\"1\" rowspan=\"1\">\n\t\t\t\t\t\t\t<p>72\/73''<\/p>\t\t\t\t\t\t\t<\/td>\n\t\t\t\t\t\t\t\t\t\t\t\t\t\t\t\t\t\t\t\t\t\t\t\t\t\t\t\t\t\t\t\t<\/tr>\n\t\t\t\t\t\t\t\t<tr class=\"wd-table-row elementor-repeater-item-b32ee21\">\n\t\t\t\t\t\t\t\t\t\t\t\t\t\t\t\t\t\t\t\t\t\t\t\t\t\t\t\t\t\t\t<td class=\"wd-table-cell elementor-repeater-item-6f0441b\" colspan=\"1\" rowspan=\"1\">\n\t\t\t\t\t\t\t<p><strong>Recuento de hilos<\/strong><\/p>\t\t\t\t\t\t\t<\/td>\n\t\t\t\t\t\t\t\t\t\t\t\t\t\t\t\t\t\t\t\t\t\t\t\t<td class=\"wd-table-cell elementor-repeater-item-056b9db\" colspan=\"1\" rowspan=\"1\">\n\t\t\t\t\t\t\t<p>10*21\/55<\/p>\t\t\t\t\t\t\t<\/td>\n\t\t\t\t\t\t\t\t\t\t\t\t\t\t\t\t\t\t\t\t\t\t\t\t\t\t\t\t\t\t\t\t<\/tr>\n\t\t\t\t\t\t\t\t<tr class=\"wd-table-row elementor-repeater-item-132a2cf\">\n\t\t\t\t\t\t\t\t\t\t\t\t\t\t\t\t\t\t\t\t\t\t\t\t\t\t\t\t\t\t\t<td class=\"wd-table-cell elementor-repeater-item-80a9332\" colspan=\"1\" rowspan=\"1\">\n\t\t\t\t\t\t\t<p><strong>Densidad<\/strong><\/p>\t\t\t\t\t\t\t<\/td>\n\t\t\t\t\t\t\t\t\t\t\t\t\t\t\t\t\t\t\t\t\t\t\t\t<td class=\"wd-table-cell elementor-repeater-item-2540336\" colspan=\"1\" rowspan=\"1\">\n\t\t\t\t\t\t\t<p>C=70T=28S=2<\/p>\t\t\t\t\t\t\t<\/td>\n\t\t\t\t\t\t\t\t\t\t\t\t\t\t\t\t<\/tr>\n\t\t\t\t<\/tbody>\n\t\t\t<\/table>\n\t\t<\/div>\n\t\t\t\t\t\t<\/div>\n\t\t\t\t<\/div>\n\t\t\t\t\t<\/div>\n\t\t\t\t<\/div>\n\t\t<div class=\"wd-negative-gap elementor-element elementor-element-7f6f509f e-flex e-con-boxed wd-section-disabled e-con e-parent\" data-id=\"7f6f509f\" data-element_type=\"container\" data-e-type=\"container\">\n\t\t\t\t\t<div class=\"e-con-inner\">\n\t\t\t\t<div class=\"elementor-element elementor-element-62cfa076 elementor-widget elementor-widget-image\" data-id=\"62cfa076\" data-element_type=\"widget\" data-e-type=\"widget\" data-widget_type=\"image.default\">\n\t\t\t\t<div class=\"elementor-widget-container\">\n\t\t\t\t\t\t\t\t\t\t\t\t\t\t\t<img decoding=\"async\" src=\"https:\/\/hxhdenim.com\/wp-content\/uploads\/2024\/01\/FOSHAN-NANHAI-HONGXINGHONG-TEXTILE-CO.LTD_-scaled.jpg\" title=\"FOSHAN NANHAI HONGXINGHONG TEXTIL CO., LTD.\" alt=\"FOSHAN NANHAI HONGXINGHONG TEXTIL CO., LTD.\" loading=\"lazy\" \/>\t\t\t\t\t\t\t\t\t\t\t\t\t\t\t<\/div>\n\t\t\t\t<\/div>\n\t\t\t\t\t<\/div>\n\t\t\t\t<\/div>\n\t\t<div class=\"wd-negative-gap elementor-element elementor-element-512c4f09 e-flex e-con-boxed wd-section-disabled e-con e-parent\" data-id=\"512c4f09\" data-element_type=\"container\" data-e-type=\"container\">\n\t\t\t\t\t<div class=\"e-con-inner\">\n\t\t<div class=\"elementor-element elementor-element-18ff5435 e-con-full e-flex wd-section-disabled e-con e-child\" data-id=\"18ff5435\" data-element_type=\"container\" data-e-type=\"container\">\n\t\t\t\t<div class=\"elementor-element elementor-element-777a266a elementor-widget elementor-widget-wd_image_or_svg\" data-id=\"777a266a\" data-element_type=\"widget\" data-e-type=\"widget\" data-widget_type=\"wd_image_or_svg.default\">\n\t\t\t\t<div class=\"elementor-widget-container\">\n\t\t\t\t\t\n\t\t<div class=\"wd-image text-center photoswipe-images\">\n\t\t\t\t\t\t\t<a  href=\"https:\/\/hxhdenim.com\/wp-content\/uploads\/2024\/01\/789-dark-blue-2.jpg\"data-width=\"1000\" data-height=\"750\" data-elementor-open-lightbox=\"no\">\n\t\t\t\t\t\t\t\t<img fetchpriority=\"high\" decoding=\"async\" width=\"1000\" height=\"750\" src=\"https:\/\/hxhdenim.com\/wp-content\/uploads\/2024\/01\/789-dark-blue-2.jpg\" class=\"attachment-full size-full\" alt=\"789\" srcset=\"https:\/\/hxhdenim.com\/wp-content\/uploads\/2024\/01\/789-dark-blue-2.jpg 1000w, https:\/\/hxhdenim.com\/wp-content\/uploads\/2024\/01\/789-dark-blue-2-300x225.jpg 300w, https:\/\/hxhdenim.com\/wp-content\/uploads\/2024\/01\/789-dark-blue-2-768x576.jpg 768w, https:\/\/hxhdenim.com\/wp-content\/uploads\/2024\/01\/789-dark-blue-2-16x12.jpg 16w, https:\/\/hxhdenim.com\/wp-content\/uploads\/2024\/01\/789-dark-blue-2-600x450.jpg 600w, https:\/\/hxhdenim.com\/wp-content\/uploads\/2024\/01\/789-dark-blue-2-150x113.jpg 150w\" sizes=\"(max-width: 1000px) 100vw, 1000px\" title=\"\">\t\t\t\t\t\t\t<\/a>\n\t\t\t\t\t<\/div>\n\n\t\t\t\t\t\t<\/div>\n\t\t\t\t<\/div>\n\t\t\t\t<\/div>\n\t\t<div class=\"elementor-element elementor-element-53cef798 e-con-full e-flex wd-section-disabled e-con e-child\" data-id=\"53cef798\" data-element_type=\"container\" data-e-type=\"container\">\n\t\t\t\t<div class=\"elementor-element elementor-element-188a74bb elementor-widget elementor-widget-wd_title\" data-id=\"188a74bb\" data-element_type=\"widget\" data-e-type=\"widget\" data-widget_type=\"wd_title.default\">\n\t\t\t\t<div class=\"elementor-widget-container\">\n\t\t\t\t\t\t\t<div class=\"title-wrapper set-mb-s reset-last-child wd-title-color-default wd-title-style-default wd-title-size-default text-left\">\n\n\t\t\t\n\t\t\t<div class=\"liner-continer\">\n\t\t\t\t<h4 class=\"woodmart-title-container title wd-fontsize-l\">789<\/h4> \n\t\t\t\t\t\t\t<\/div>\n\n\t\t\t\t\t<\/div>\n\t\t\t\t\t\t<\/div>\n\t\t\t\t<\/div>\n\t\t\t\t<div class=\"elementor-element elementor-element-7b47986b elementor-widget elementor-widget-wd_text_block\" data-id=\"7b47986b\" data-element_type=\"widget\" data-e-type=\"widget\" data-widget_type=\"wd_text_block.default\">\n\t\t\t\t<div class=\"elementor-widget-container\">\n\t\t\t\t\t\t\t<div class=\"wd-text-block reset-last-child text-left\">\n\t\t\t\n\t\t\t<p>El art\u00edculo 789 es un estilo muy adecuado para cualquier mujer y ni\u00f1o. La composici\u00f3n es algod\u00f3n 75%, 19%ployester, 2%spandex. Por la alta composici\u00f3n del algod\u00f3n, el hilo se compone de anillos. La calidad es muy buena. Es suave y c\u00f3modo con tus manos.<\/p>\n\t\t\t\t\t<\/div>\n\t\t\t\t\t\t<\/div>\n\t\t\t\t<\/div>\n\t\t\t\t<\/div>\n\t\t\t\t\t<\/div>\n\t\t\t\t<\/div>\n\t\t<div class=\"wd-negative-gap elementor-element elementor-element-e5560b e-flex e-con-boxed wd-section-disabled e-con e-parent\" data-id=\"e5560b\" data-element_type=\"container\" data-e-type=\"container\">\n\t\t\t\t\t<div class=\"e-con-inner\">\n\t\t<div class=\"elementor-element elementor-element-35a5ce67 e-con-full e-flex wd-section-disabled e-con e-child\" data-id=\"35a5ce67\" data-element_type=\"container\" data-e-type=\"container\">\n\t\t\t\t<div class=\"elementor-element elementor-element-3cca140c elementor-widget elementor-widget-wd_text_block\" data-id=\"3cca140c\" data-element_type=\"widget\" data-e-type=\"widget\" data-widget_type=\"wd_text_block.default\">\n\t\t\t\t<div class=\"elementor-widget-container\">\n\t\t\t\t\t\t\t<div class=\"wd-text-block reset-last-child text-left\">\n\t\t\t\n\t\t\t<p style=\"text-align: left;\">Debido a la muy buena calidad, producimos la tela para una gran marca. Es adecuado para prendas para hacer plantas, chaquetas ext. El estiramiento es Medio. El peso BW es 9,6 OZ, el peso AW es 11,1 OZ. El peso es medio, por lo que la tela es adecuada para primavera, verano y oto\u00f1o. La gran caracter\u00edstica de la tela es su gran ancho de 186 cm. Pero despu\u00e9s del lavado, mide 161 cm. La tasa de contracci\u00f3n de la trama es 14% y la tasa de contracci\u00f3n de la envoltura es 4~5%.<\/p>\n\t\t\t\t\t<\/div>\n\t\t\t\t\t\t<\/div>\n\t\t\t\t<\/div>\n\t\t\t\t<\/div>\n\t\t<div class=\"elementor-element elementor-element-189d6ca9 e-con-full e-flex wd-section-disabled e-con e-child\" data-id=\"189d6ca9\" data-element_type=\"container\" data-e-type=\"container\">\n\t\t\t\t<div class=\"elementor-element elementor-element-6b872629 elementor-widget elementor-widget-wd_images_gallery\" data-id=\"6b872629\" data-element_type=\"widget\" data-e-type=\"widget\" data-widget_type=\"wd_images_gallery.default\">\n\t\t\t\t<div class=\"elementor-widget-container\">\n\t\t\t\t\t\t\t<div class=\"wd-images-gallery wd-justify-center wd-items-middle view-grid photoswipe-images\" >\n\t\t\t<div class=\"gallery-images row wd-spacing-0\">\n\t\t\t\t\t\t\t\t\t\t\t\t\t\t<div class=\"wd-gallery-item  col-lg-6 col-md-6 col-12\">\n\t\t\t\t\t\t\t\t\t\t\t\t\t<a  href=\"https:\/\/hxhdenim.com\/wp-content\/uploads\/2024\/01\/789-dark-blue-3.jpg\"data-width=\"1000\" data-height=\"750\" data-index=\"1\" data-elementor-open-lightbox=\"no\">\n\t\t\t\t\t\t\n\t\t\t\t\t\t<img decoding=\"async\" src=\"https:\/\/hxhdenim.com\/wp-content\/uploads\/2024\/01\/789-dark-blue-3.jpg\" alt=\"789\" title=\"\">\n\t\t\t\t\t\t\t\t\t\t\t\t\t<\/a>\n\t\t\t\t\t\t\t\t\t\t\t<\/div>\n\t\t\t\t\t\t\t\t\t\t\t\t\t\t\t<div class=\"wd-gallery-item  col-lg-6 col-md-6 col-12\">\n\t\t\t\t\t\t\t\t\t\t\t\t\t<a  href=\"https:\/\/hxhdenim.com\/wp-content\/uploads\/2024\/01\/789-dark-blue-4.jpg\"data-width=\"1000\" data-height=\"750\" data-index=\"2\" data-elementor-open-lightbox=\"no\">\n\t\t\t\t\t\t\n\t\t\t\t\t\t<img decoding=\"async\" src=\"https:\/\/hxhdenim.com\/wp-content\/uploads\/2024\/01\/789-dark-blue-4.jpg\" alt=\"789\" title=\"\">\n\t\t\t\t\t\t\t\t\t\t\t\t\t<\/a>\n\t\t\t\t\t\t\t\t\t\t\t<\/div>\n\t\t\t\t\t\t\t\t<\/div>\n\t\t<\/div>\n\t\t\t\t\t\t<\/div>\n\t\t\t\t<\/div>\n\t\t\t\t<\/div>\n\t\t\t\t\t<\/div>\n\t\t\t\t<\/div>\n\t\t<div class=\"wd-negative-gap elementor-element elementor-element-a67da0 e-flex e-con-boxed wd-section-disabled e-con e-parent\" data-id=\"a67da0\" data-element_type=\"container\" data-e-type=\"container\">\n\t\t\t\t\t<div class=\"e-con-inner\">\n\t\t<div class=\"elementor-element elementor-element-64b82996 e-con-full e-flex wd-section-disabled e-con e-child\" data-id=\"64b82996\" data-element_type=\"container\" data-e-type=\"container\">\n\t\t\t\t<div class=\"elementor-element elementor-element-6927d1e5 elementor-widget elementor-widget-wd_images_gallery\" data-id=\"6927d1e5\" data-element_type=\"widget\" data-e-type=\"widget\" data-widget_type=\"wd_images_gallery.default\">\n\t\t\t\t<div class=\"elementor-widget-container\">\n\t\t\t\t\t\t\t<div class=\"wd-images-gallery wd-justify-center wd-items-middle view-grid photoswipe-images\" >\n\t\t\t<div class=\"gallery-images row wd-spacing-0\">\n\t\t\t\t\t\t\t\t\t\t\t\t\t\t<div class=\"wd-gallery-item  col-lg-6 col-md-6 col-12\">\n\t\t\t\t\t\t\t\t\t\t\t\t\t<a  href=\"https:\/\/hxhdenim.com\/wp-content\/uploads\/2024\/01\/789-dark-blue-1.jpg\"data-width=\"1000\" data-height=\"750\" data-index=\"1\" data-elementor-open-lightbox=\"no\">\n\t\t\t\t\t\t\n\t\t\t\t\t\t<img decoding=\"async\" src=\"https:\/\/hxhdenim.com\/wp-content\/uploads\/2024\/01\/789-dark-blue-1.jpg\" alt=\"789\" title=\"\">\n\t\t\t\t\t\t\t\t\t\t\t\t\t<\/a>\n\t\t\t\t\t\t\t\t\t\t\t<\/div>\n\t\t\t\t\t\t\t\t\t\t\t\t\t\t\t<div class=\"wd-gallery-item  col-lg-6 col-md-6 col-12\">\n\t\t\t\t\t\t\t\t\t\t\t\t\t<a  href=\"https:\/\/hxhdenim.com\/wp-content\/uploads\/2024\/01\/789-dark-blue-5.jpg\"data-width=\"1000\" data-height=\"750\" data-index=\"2\" data-elementor-open-lightbox=\"no\">\n\t\t\t\t\t\t\n\t\t\t\t\t\t<img decoding=\"async\" src=\"https:\/\/hxhdenim.com\/wp-content\/uploads\/2024\/01\/789-dark-blue-5.jpg\" alt=\"789 azul oscuro 5\" title=\"\">\n\t\t\t\t\t\t\t\t\t\t\t\t\t<\/a>\n\t\t\t\t\t\t\t\t\t\t\t<\/div>\n\t\t\t\t\t\t\t\t<\/div>\n\t\t<\/div>\n\t\t\t\t\t\t<\/div>\n\t\t\t\t<\/div>\n\t\t\t\t<\/div>\n\t\t<div class=\"elementor-element elementor-element-5229ff2e e-con-full e-flex wd-section-disabled e-con e-child\" data-id=\"5229ff2e\" data-element_type=\"container\" data-e-type=\"container\">\n\t\t\t\t<div class=\"elementor-element elementor-element-25517557 elementor-widget elementor-widget-wd_text_block\" data-id=\"25517557\" data-element_type=\"widget\" data-e-type=\"widget\" data-widget_type=\"wd_text_block.default\">\n\t\t\t\t<div class=\"elementor-widget-container\">\n\t\t\t\t\t\t\t<div class=\"wd-text-block reset-last-child text-left\">\n\t\t\t\n\t\t\t<p>Y el tejido es la cl\u00e1sica sarga 4\/1. Este estilo tambi\u00e9n es adecuado para hombres. Se puede confeccionar en chaqueta negra negro-gris con un estilo urbano holgado y c\u00f3modo. La tecnolog\u00eda lavada puede ser retro natural con agujeros en detalle.<\/p>\n\t\t\t\t\t<\/div>\n\t\t\t\t\t\t<\/div>\n\t\t\t\t<\/div>\n\t\t\t\t<\/div>\n\t\t\t\t\t<\/div>\n\t\t\t\t<\/div>\n\t\t\t\t<\/div>","protected":false},"excerpt":{"rendered":"<p>Speciation Weight 9.6 oz Width 72\/73&#8221; Yarn Count 10*21\/55 Density C=70 T=28 S=2 789 Item 789 is a style very<\/p>","protected":false},"featured_media":484,"comment_status":"open","ping_status":"closed","template":"","meta":{"_lmt_disableupdate":"no","_lmt_disable":""},"product_brand":[],"product_cat":[18],"product_tag":[30,22,23,26],"class_list":{"0":"post-480","1":"product","2":"type-product","3":"status-publish","4":"has-post-thumbnail","6":"product_cat-stretch-denim","7":"product_tag-fashion","8":"product_tag-plain","9":"product_tag-vintage","10":"product_tag-women","12":"first","13":"instock","14":"shipping-taxable","15":"purchasable","16":"product-type-simple"},"_links":{"self":[{"href":"https:\/\/hxhdenim.com\/es\/wp-json\/wp\/v2\/product\/480","targetHints":{"allow":["GET"]}}],"collection":[{"href":"https:\/\/hxhdenim.com\/es\/wp-json\/wp\/v2\/product"}],"about":[{"href":"https:\/\/hxhdenim.com\/es\/wp-json\/wp\/v2\/types\/product"}],"replies":[{"embeddable":true,"href":"https:\/\/hxhdenim.com\/es\/wp-json\/wp\/v2\/comments?post=480"}],"version-history":[{"count":8,"href":"https:\/\/hxhdenim.com\/es\/wp-json\/wp\/v2\/product\/480\/revisions"}],"predecessor-version":[{"id":1140,"href":"https:\/\/hxhdenim.com\/es\/wp-json\/wp\/v2\/product\/480\/revisions\/1140"}],"wp:featuredmedia":[{"embeddable":true,"href":"https:\/\/hxhdenim.com\/es\/wp-json\/wp\/v2\/media\/484"}],"wp:attachment":[{"href":"https:\/\/hxhdenim.com\/es\/wp-json\/wp\/v2\/media?parent=480"}],"wp:term":[{"taxonomy":"product_brand","embeddable":true,"href":"https:\/\/hxhdenim.com\/es\/wp-json\/wp\/v2\/product_brand?post=480"},{"taxonomy":"product_cat","embeddable":true,"href":"https:\/\/hxhdenim.com\/es\/wp-json\/wp\/v2\/product_cat?post=480"},{"taxonomy":"product_tag","embeddable":true,"href":"https:\/\/hxhdenim.com\/es\/wp-json\/wp\/v2\/product_tag?post=480"}],"curies":[{"name":"wp","href":"https:\/\/api.w.org\/{rel}","templated":true}]}}