{"id":523,"date":"2024-01-21T08:41:14","date_gmt":"2024-01-21T08:41:14","guid":{"rendered":"https:\/\/hxhdenim.com\/?post_type=product&#038;p=523"},"modified":"2024-03-07T03:19:46","modified_gmt":"2024-03-07T03:19:46","slug":"867","status":"publish","type":"product","link":"https:\/\/hxhdenim.com\/es\/product\/867\/","title":{"rendered":"Efecto de tejido de imitaci\u00f3n, estilo sarga, tacto grueso, calidad extremadamente alta."},"content":{"rendered":"<div data-elementor-type=\"wp-post\" data-elementor-id=\"523\" class=\"elementor elementor-523\">\n\t\t\t\t<div class=\"elementor-element elementor-element-05bd8e4 e-flex e-con-boxed wd-section-disabled e-con e-parent\" data-id=\"05bd8e4\" data-element_type=\"container\" data-e-type=\"container\">\n\t\t\t\t\t<div class=\"e-con-inner\">\n\t\t\t\t<div class=\"elementor-element elementor-element-ada7772 elementor-widget elementor-widget-wd_table\" data-id=\"ada7772\" data-element_type=\"widget\" data-e-type=\"widget\" data-widget_type=\"wd_table.default\">\n\t\t\t\t<div class=\"elementor-widget-container\">\n\t\t\t\t\t\t\t<div class=\"wd-el-table-wrap wd-reset-all-last\">\n\t\t\t<table class=\"wd-el-table\">\n\t\t\t\t\t\t\t\t\t<thead class=\"text-left\">\n\t\t\t\t\t\t\t\t\t\t\t\t\t\t\t\t\t\t\t\t\t\t\t\t\t\t\t\t\t\t<tr class=\"wd-table-row elementor-repeater-item-e254027\">\n\t\t\t\t\t\t\t\t\t\t\t\t\t\t\t\t\t\t\t\t\t\t\t\t\t\t\t\t\t\t\t\t\t\t\t\t<th class=\"wd-table-cell elementor-repeater-item-0a64b9a\" colspan=\"1\" rowspan=\"1\">\n\t\t\t\t\t\t\t\t\t<p><strong>especiaci\u00f3n<\/strong><\/p>\t\t\t\t\t\t\t\t<\/th>\n\t\t\t\t\t\t\t\t\t\t\t\t\t\t\t\t\t\t\t<\/tr>\n\t\t\t\t\t<\/thead>\n\t\t\t\t\n\t\t\t\t<tbody class=\"text-left\">\n\t\t\t\t\t\t\t\t\t\t\t\t\t\t\t\t\t\t\t\t\t\t\t\t\t\t<tr class=\"wd-table-row elementor-repeater-item-964caf0\">\n\t\t\t\t\t\t\t\t\t\t\t\t\t\t\t\t\t\t\t\t\t\t\t\t\t\t\t\t\t\t\t<td class=\"wd-table-cell elementor-repeater-item-c2865c1\" colspan=\"1\" rowspan=\"1\">\n\t\t\t\t\t\t\t<p><strong>Peso<\/strong><\/p>\t\t\t\t\t\t\t<\/td>\n\t\t\t\t\t\t\t\t\t\t\t\t\t\t\t\t\t\t\t\t\t\t\t\t<td class=\"wd-table-cell elementor-repeater-item-eca9af7\" colspan=\"1\" rowspan=\"1\">\n\t\t\t\t\t\t\t<p>12,8 onzas<\/p>\t\t\t\t\t\t\t<\/td>\n\t\t\t\t\t\t\t\t\t\t\t\t\t\t\t\t\t\t\t\t\t\t\t\t\t\t\t\t\t\t\t\t<\/tr>\n\t\t\t\t\t\t\t\t<tr class=\"wd-table-row elementor-repeater-item-af2b69d\">\n\t\t\t\t\t\t\t\t\t\t\t\t\t\t\t\t\t\t\t\t\t\t\t\t\t\t\t\t\t\t\t<td class=\"wd-table-cell elementor-repeater-item-bde6f40\" colspan=\"1\" rowspan=\"1\">\n\t\t\t\t\t\t\t<p><strong>Ancho<\/strong><\/p>\t\t\t\t\t\t\t<\/td>\n\t\t\t\t\t\t\t\t\t\t\t\t\t\t\t\t\t\t\t\t\t\t\t\t<td class=\"wd-table-cell elementor-repeater-item-0394536\" colspan=\"1\" rowspan=\"1\">\n\t\t\t\t\t\t\t<p>58\/59''<\/p>\t\t\t\t\t\t\t<\/td>\n\t\t\t\t\t\t\t\t\t\t\t\t\t\t\t\t\t\t\t\t\t\t\t\t\t\t\t\t\t\t\t\t<\/tr>\n\t\t\t\t\t\t\t\t<tr class=\"wd-table-row elementor-repeater-item-b32ee21\">\n\t\t\t\t\t\t\t\t\t\t\t\t\t\t\t\t\t\t\t\t\t\t\t\t\t\t\t\t\t\t\t<td class=\"wd-table-cell elementor-repeater-item-6f0441b\" colspan=\"1\" rowspan=\"1\">\n\t\t\t\t\t\t\t<p><strong>Recuento de hilos<\/strong><\/p>\t\t\t\t\t\t\t<\/td>\n\t\t\t\t\t\t\t\t\t\t\t\t\t\t\t\t\t\t\t\t\t\t\t\t<td class=\"wd-table-cell elementor-repeater-item-056b9db\" colspan=\"1\" rowspan=\"1\">\n\t\t\t\t\t\t\t<p>20*12\/70+7<\/p>\t\t\t\t\t\t\t<\/td>\n\t\t\t\t\t\t\t\t\t\t\t\t\t\t\t\t\t\t\t\t\t\t\t\t\t\t\t\t\t\t\t\t<\/tr>\n\t\t\t\t\t\t\t\t<tr class=\"wd-table-row elementor-repeater-item-132a2cf\">\n\t\t\t\t\t\t\t\t\t\t\t\t\t\t\t\t\t\t\t\t\t\t\t\t\t\t\t\t\t\t\t<td class=\"wd-table-cell elementor-repeater-item-80a9332\" colspan=\"1\" rowspan=\"1\">\n\t\t\t\t\t\t\t<p><strong>Densidad<\/strong><\/p>\t\t\t\t\t\t\t<\/td>\n\t\t\t\t\t\t\t\t\t\t\t\t\t\t\t\t\t\t\t\t\t\t\t\t<td class=\"wd-table-cell elementor-repeater-item-2540336\" colspan=\"1\" rowspan=\"1\">\n\t\t\t\t\t\t\t<p>C=75 T=23 S=2<\/p>\t\t\t\t\t\t\t<\/td>\n\t\t\t\t\t\t\t\t\t\t\t\t\t\t\t\t<\/tr>\n\t\t\t\t<\/tbody>\n\t\t\t<\/table>\n\t\t<\/div>\n\t\t\t\t\t\t<\/div>\n\t\t\t\t<\/div>\n\t\t\t\t\t<\/div>\n\t\t\t\t<\/div>\n\t\t<div class=\"elementor-element elementor-element-57b556e4 e-flex e-con-boxed wd-section-disabled e-con e-parent\" data-id=\"57b556e4\" data-element_type=\"container\" data-e-type=\"container\">\n\t\t\t\t\t<div class=\"e-con-inner\">\n\t\t\t\t<div class=\"elementor-element elementor-element-38fa320c elementor-widget elementor-widget-image\" data-id=\"38fa320c\" data-element_type=\"widget\" data-e-type=\"widget\" data-widget_type=\"image.default\">\n\t\t\t\t<div class=\"elementor-widget-container\">\n\t\t\t\t\t\t\t\t\t\t\t\t\t\t\t<img decoding=\"async\" src=\"https:\/\/hxhdenim.com\/wp-content\/uploads\/2024\/01\/FOSHAN-NANHAI-HONGXINGHONG-TEXTILE-CO.LTD_-scaled.jpg\" title=\"FOSHAN NANHAI HONGXINGHONG TEXTIL CO., LTD.\" alt=\"FOSHAN NANHAI HONGXINGHONG TEXTIL CO., LTD.\" loading=\"lazy\" \/>\t\t\t\t\t\t\t\t\t\t\t\t\t\t\t<\/div>\n\t\t\t\t<\/div>\n\t\t\t\t\t<\/div>\n\t\t\t\t<\/div>\n\t\t<div class=\"elementor-element elementor-element-198fa844 e-flex e-con-boxed wd-section-disabled e-con e-parent\" data-id=\"198fa844\" data-element_type=\"container\" data-e-type=\"container\">\n\t\t\t\t\t<div class=\"e-con-inner\">\n\t\t<div class=\"elementor-element elementor-element-423ac96 e-con-full e-flex wd-section-disabled e-con e-child\" data-id=\"423ac96\" data-element_type=\"container\" data-e-type=\"container\">\n\t\t\t\t<div class=\"elementor-element elementor-element-3ca0bd23 elementor-widget elementor-widget-wd_image_or_svg\" data-id=\"3ca0bd23\" data-element_type=\"widget\" data-e-type=\"widget\" data-widget_type=\"wd_image_or_svg.default\">\n\t\t\t\t<div class=\"elementor-widget-container\">\n\t\t\t\t\t\n\t\t<div class=\"wd-image text-center photoswipe-images\">\n\t\t\t\t\t\t\t<a  href=\"https:\/\/hxhdenim.com\/wp-content\/uploads\/2024\/01\/867-dark-blue-2.jpg\"data-width=\"1000\" data-height=\"750\" data-elementor-open-lightbox=\"no\">\n\t\t\t\t\t\t\t\t<img fetchpriority=\"high\" decoding=\"async\" width=\"1000\" height=\"750\" src=\"https:\/\/hxhdenim.com\/wp-content\/uploads\/2024\/01\/867-dark-blue-2.jpg\" class=\"attachment-full size-full\" alt=\"867\" srcset=\"https:\/\/hxhdenim.com\/wp-content\/uploads\/2024\/01\/867-dark-blue-2.jpg 1000w, https:\/\/hxhdenim.com\/wp-content\/uploads\/2024\/01\/867-dark-blue-2-300x225.jpg 300w, https:\/\/hxhdenim.com\/wp-content\/uploads\/2024\/01\/867-dark-blue-2-768x576.jpg 768w, https:\/\/hxhdenim.com\/wp-content\/uploads\/2024\/01\/867-dark-blue-2-16x12.jpg 16w, https:\/\/hxhdenim.com\/wp-content\/uploads\/2024\/01\/867-dark-blue-2-600x450.jpg 600w, https:\/\/hxhdenim.com\/wp-content\/uploads\/2024\/01\/867-dark-blue-2-150x113.jpg 150w\" sizes=\"(max-width: 1000px) 100vw, 1000px\" title=\"\">\t\t\t\t\t\t\t<\/a>\n\t\t\t\t\t<\/div>\n\n\t\t\t\t\t\t<\/div>\n\t\t\t\t<\/div>\n\t\t\t\t<\/div>\n\t\t<div class=\"elementor-element elementor-element-26e908da e-con-full e-flex wd-section-disabled e-con e-child\" data-id=\"26e908da\" data-element_type=\"container\" data-e-type=\"container\">\n\t\t\t\t<div class=\"elementor-element elementor-element-2ea4e10c elementor-widget elementor-widget-wd_title\" data-id=\"2ea4e10c\" data-element_type=\"widget\" data-e-type=\"widget\" data-widget_type=\"wd_title.default\">\n\t\t\t\t<div class=\"elementor-widget-container\">\n\t\t\t\t\t\t\t<div class=\"title-wrapper set-mb-s reset-last-child wd-title-color-default wd-title-style-default wd-title-size-default text-left\">\n\n\t\t\t\n\t\t\t<div class=\"liner-continer\">\n\t\t\t\t<h4 class=\"woodmart-title-container title wd-fontsize-l\">867<\/h4> \n\t\t\t\t\t\t\t<\/div>\n\n\t\t\t\t\t<\/div>\n\t\t\t\t\t\t<\/div>\n\t\t\t\t<\/div>\n\t\t\t\t<div class=\"elementor-element elementor-element-7acfefd6 elementor-widget elementor-widget-wd_text_block\" data-id=\"7acfefd6\" data-element_type=\"widget\" data-e-type=\"widget\" data-widget_type=\"wd_text_block.default\">\n\t\t\t\t<div class=\"elementor-widget-container\">\n\t\t\t\t\t\t\t<div class=\"wd-text-block reset-last-child text-left\">\n\t\t\t\n\t\t\t<p>Esta es otra tela vaquera cl\u00e1sica de estilo empresarial. El gran estilo de la tela es la gran sarga. Es visible al frente. No tiene cruz ni flameado. Otra caracter\u00edstica es que el estilo de punto falso tambi\u00e9n es visible en la espalda. La composici\u00f3n contiene 75%cotton,23%ployester,2%spandex.<\/p>\n\t\t\t\t\t<\/div>\n\t\t\t\t\t\t<\/div>\n\t\t\t\t<\/div>\n\t\t\t\t<\/div>\n\t\t\t\t\t<\/div>\n\t\t\t\t<\/div>\n\t\t<div class=\"elementor-element elementor-element-3594a8ea e-flex e-con-boxed wd-section-disabled e-con e-parent\" data-id=\"3594a8ea\" data-element_type=\"container\" data-e-type=\"container\">\n\t\t\t\t\t<div class=\"e-con-inner\">\n\t\t<div class=\"elementor-element elementor-element-66f82c98 e-con-full e-flex wd-section-disabled e-con e-child\" data-id=\"66f82c98\" data-element_type=\"container\" data-e-type=\"container\">\n\t\t\t\t<div class=\"elementor-element elementor-element-20b8a491 elementor-widget elementor-widget-wd_text_block\" data-id=\"20b8a491\" data-element_type=\"widget\" data-e-type=\"widget\" data-widget_type=\"wd_text_block.default\">\n\t\t\t\t<div class=\"elementor-widget-container\">\n\t\t\t\t\t\t\t<div class=\"wd-text-block reset-last-child text-left\">\n\t\t\t\n\t\t\t<p style=\"text-align: left;\">En comparaci\u00f3n con el art\u00edculo 854, su estilo es similar. Pero el 867 sentido del algod\u00f3n es mucho. El hilo est\u00e1 hecho de 20 anillos*12S\/70+7S. El peso es de 12,8 OZ antes del lavado y alcanza 14,3 OZ despu\u00e9s del lavado. Se siente muy espeso. Hay tan alta calidad disponible. Es el tramo bajo. Pero se siente suave y c\u00f3modo. Tambi\u00e9n hay muchos colores disponibles: azul oscuro, azul gris\u00e1ceo, negro... El colorido azul es brillante.<\/p>\n\t\t\t\t\t<\/div>\n\t\t\t\t\t\t<\/div>\n\t\t\t\t<\/div>\n\t\t\t\t<\/div>\n\t\t<div class=\"elementor-element elementor-element-3962bd2a e-con-full e-flex wd-section-disabled e-con e-child\" data-id=\"3962bd2a\" data-element_type=\"container\" data-e-type=\"container\">\n\t\t\t\t<div class=\"elementor-element elementor-element-3ca53a3b elementor-widget elementor-widget-wd_images_gallery\" data-id=\"3ca53a3b\" data-element_type=\"widget\" data-e-type=\"widget\" data-widget_type=\"wd_images_gallery.default\">\n\t\t\t\t<div class=\"elementor-widget-container\">\n\t\t\t\t\t\t\t<div class=\"wd-images-gallery wd-justify-center wd-items-middle view-grid photoswipe-images\" >\n\t\t\t<div class=\"gallery-images row wd-spacing-0\">\n\t\t\t\t\t\t\t\t\t\t\t\t\t\t<div class=\"wd-gallery-item  col-lg-6 col-md-6 col-12\">\n\t\t\t\t\t\t\t\t\t\t\t\t\t<a  href=\"https:\/\/hxhdenim.com\/wp-content\/uploads\/2024\/01\/867-dark-blue-3.jpg\"data-width=\"1000\" data-height=\"750\" data-index=\"1\" data-elementor-open-lightbox=\"no\">\n\t\t\t\t\t\t\n\t\t\t\t\t\t<img decoding=\"async\" src=\"https:\/\/hxhdenim.com\/wp-content\/uploads\/2024\/01\/867-dark-blue-3.jpg\" alt=\"867\" title=\"\">\n\t\t\t\t\t\t\t\t\t\t\t\t\t<\/a>\n\t\t\t\t\t\t\t\t\t\t\t<\/div>\n\t\t\t\t\t\t\t\t\t\t\t\t\t\t\t<div class=\"wd-gallery-item  col-lg-6 col-md-6 col-12\">\n\t\t\t\t\t\t\t\t\t\t\t\t\t<a  href=\"https:\/\/hxhdenim.com\/wp-content\/uploads\/2024\/01\/867-dark-blue-4.jpg\"data-width=\"1000\" data-height=\"750\" data-index=\"2\" data-elementor-open-lightbox=\"no\">\n\t\t\t\t\t\t\n\t\t\t\t\t\t<img decoding=\"async\" src=\"https:\/\/hxhdenim.com\/wp-content\/uploads\/2024\/01\/867-dark-blue-4.jpg\" alt=\"867\" title=\"\">\n\t\t\t\t\t\t\t\t\t\t\t\t\t<\/a>\n\t\t\t\t\t\t\t\t\t\t\t<\/div>\n\t\t\t\t\t\t\t\t<\/div>\n\t\t<\/div>\n\t\t\t\t\t\t<\/div>\n\t\t\t\t<\/div>\n\t\t\t\t<\/div>\n\t\t\t\t\t<\/div>\n\t\t\t\t<\/div>\n\t\t<div class=\"elementor-element elementor-element-28c3168c e-flex e-con-boxed wd-section-disabled e-con e-parent\" data-id=\"28c3168c\" data-element_type=\"container\" data-e-type=\"container\">\n\t\t\t\t\t<div class=\"e-con-inner\">\n\t\t<div class=\"elementor-element elementor-element-419c774e e-con-full e-flex wd-section-disabled e-con e-child\" data-id=\"419c774e\" data-element_type=\"container\" data-e-type=\"container\">\n\t\t\t\t<div class=\"elementor-element elementor-element-e80ca6f elementor-widget elementor-widget-wd_images_gallery\" data-id=\"e80ca6f\" data-element_type=\"widget\" data-e-type=\"widget\" data-widget_type=\"wd_images_gallery.default\">\n\t\t\t\t<div class=\"elementor-widget-container\">\n\t\t\t\t\t\t\t<div class=\"wd-images-gallery wd-justify-center wd-items-middle view-grid photoswipe-images\" >\n\t\t\t<div class=\"gallery-images row wd-spacing-0\">\n\t\t\t\t\t\t\t\t\t\t\t\t\t\t<div class=\"wd-gallery-item  col-lg-6 col-md-6 col-12\">\n\t\t\t\t\t\t\t\t\t\t\t\t\t<a  href=\"https:\/\/hxhdenim.com\/wp-content\/uploads\/2024\/01\/867-dark-blue-1.jpg\"data-width=\"1000\" data-height=\"750\" data-index=\"1\" data-elementor-open-lightbox=\"no\">\n\t\t\t\t\t\t\n\t\t\t\t\t\t<img decoding=\"async\" src=\"https:\/\/hxhdenim.com\/wp-content\/uploads\/2024\/01\/867-dark-blue-1.jpg\" alt=\"867\" title=\"\">\n\t\t\t\t\t\t\t\t\t\t\t\t\t<\/a>\n\t\t\t\t\t\t\t\t\t\t\t<\/div>\n\t\t\t\t\t\t\t\t\t\t\t\t\t\t\t<div class=\"wd-gallery-item  col-lg-6 col-md-6 col-12\">\n\t\t\t\t\t\t\t\t\t\t\t\t\t<a  href=\"https:\/\/hxhdenim.com\/wp-content\/uploads\/2024\/01\/867-dark-blue-5.jpg\"data-width=\"1000\" data-height=\"750\" data-index=\"2\" data-elementor-open-lightbox=\"no\">\n\t\t\t\t\t\t\n\t\t\t\t\t\t<img decoding=\"async\" src=\"https:\/\/hxhdenim.com\/wp-content\/uploads\/2024\/01\/867-dark-blue-5.jpg\" alt=\"867\" title=\"\">\n\t\t\t\t\t\t\t\t\t\t\t\t\t<\/a>\n\t\t\t\t\t\t\t\t\t\t\t<\/div>\n\t\t\t\t\t\t\t\t<\/div>\n\t\t<\/div>\n\t\t\t\t\t\t<\/div>\n\t\t\t\t<\/div>\n\t\t\t\t<\/div>\n\t\t<div class=\"elementor-element elementor-element-426cddd7 e-con-full e-flex wd-section-disabled e-con e-child\" data-id=\"426cddd7\" data-element_type=\"container\" data-e-type=\"container\">\n\t\t\t\t<div class=\"elementor-element elementor-element-5bd2142c elementor-widget elementor-widget-wd_text_block\" data-id=\"5bd2142c\" data-element_type=\"widget\" data-e-type=\"widget\" data-widget_type=\"wd_text_block.default\">\n\t\t\t\t<div class=\"elementor-widget-container\">\n\t\t\t\t\t\t\t<div class=\"wd-text-block reset-last-child text-left\">\n\t\t\t\n\t\t\t<p>En general, el estilo de la tela vaquera es adecuado para los hombres. Pero tambi\u00e9n es adecuado para las mujeres de la \u00e9poca. Porque la tela es m\u00e1s gruesa y ligeramente dura. Por lo que es adecuado para hacer plantas de piernas rectas para hombres y mujeres con viento neutro. Por ejemplo, es informal y suave para las mujeres que llevan camisetas vaqueras, botas cortas con chaquetas y esta planta de pierna recta. Es gratis y generoso en invierno.<\/p>\n\t\t\t\t\t<\/div>\n\t\t\t\t\t\t<\/div>\n\t\t\t\t<\/div>\n\t\t\t\t<\/div>\n\t\t\t\t\t<\/div>\n\t\t\t\t<\/div>\n\t\t\t\t<\/div>","protected":false},"excerpt":{"rendered":"<p>Speciation Weight 12.8 oz Width 58\/59&#8221; Yarn Count 20*12\/70+7 Density C=75 T=23 S=2 867 This is another classic business-style denim<\/p>","protected":false},"featured_media":527,"comment_status":"open","ping_status":"closed","template":"","meta":{"_lmt_disableupdate":"no","_lmt_disable":""},"product_brand":[],"product_cat":[18],"product_tag":[30,29,21,25,22],"class_list":{"0":"post-523","1":"product","2":"type-product","3":"status-publish","4":"has-post-thumbnail","6":"product_cat-stretch-denim","7":"product_tag-fashion","8":"product_tag-heavy-weight","9":"product_tag-jacquard","10":"product_tag-men","11":"product_tag-plain","13":"first","14":"instock","15":"shipping-taxable","16":"purchasable","17":"product-type-simple"},"_links":{"self":[{"href":"https:\/\/hxhdenim.com\/es\/wp-json\/wp\/v2\/product\/523","targetHints":{"allow":["GET"]}}],"collection":[{"href":"https:\/\/hxhdenim.com\/es\/wp-json\/wp\/v2\/product"}],"about":[{"href":"https:\/\/hxhdenim.com\/es\/wp-json\/wp\/v2\/types\/product"}],"replies":[{"embeddable":true,"href":"https:\/\/hxhdenim.com\/es\/wp-json\/wp\/v2\/comments?post=523"}],"version-history":[{"count":8,"href":"https:\/\/hxhdenim.com\/es\/wp-json\/wp\/v2\/product\/523\/revisions"}],"predecessor-version":[{"id":1195,"href":"https:\/\/hxhdenim.com\/es\/wp-json\/wp\/v2\/product\/523\/revisions\/1195"}],"wp:featuredmedia":[{"embeddable":true,"href":"https:\/\/hxhdenim.com\/es\/wp-json\/wp\/v2\/media\/527"}],"wp:attachment":[{"href":"https:\/\/hxhdenim.com\/es\/wp-json\/wp\/v2\/media?parent=523"}],"wp:term":[{"taxonomy":"product_brand","embeddable":true,"href":"https:\/\/hxhdenim.com\/es\/wp-json\/wp\/v2\/product_brand?post=523"},{"taxonomy":"product_cat","embeddable":true,"href":"https:\/\/hxhdenim.com\/es\/wp-json\/wp\/v2\/product_cat?post=523"},{"taxonomy":"product_tag","embeddable":true,"href":"https:\/\/hxhdenim.com\/es\/wp-json\/wp\/v2\/product_tag?post=523"}],"curies":[{"name":"wp","href":"https:\/\/api.w.org\/{rel}","templated":true}]}}