{"id":612,"date":"2024-01-21T10:08:17","date_gmt":"2024-01-21T10:08:17","guid":{"rendered":"https:\/\/hxhdenim.com\/?post_type=product&#038;p=612"},"modified":"2024-07-03T03:56:26","modified_gmt":"2024-07-03T03:56:26","slug":"1275","status":"publish","type":"product","link":"https:\/\/hxhdenim.com\/es\/product\/1275\/","title":{"rendered":"Men heavy weight fashion denim fabric imitation knitting effect soft and feel weft slub"},"content":{"rendered":"<div data-elementor-type=\"wp-post\" data-elementor-id=\"612\" class=\"elementor elementor-612\">\n\t\t\t\t<div class=\"elementor-element elementor-element-d87330b e-flex e-con-boxed wd-section-disabled e-con e-parent\" data-id=\"d87330b\" data-element_type=\"container\" data-e-type=\"container\">\n\t\t\t\t\t<div class=\"e-con-inner\">\n\t\t\t\t<div class=\"elementor-element elementor-element-7a0a1e0 elementor-widget elementor-widget-wd_table\" data-id=\"7a0a1e0\" data-element_type=\"widget\" data-e-type=\"widget\" data-widget_type=\"wd_table.default\">\n\t\t\t\t<div class=\"elementor-widget-container\">\n\t\t\t\t\t\t\t<div class=\"wd-el-table-wrap wd-reset-all-last\">\n\t\t\t<table class=\"wd-el-table\">\n\t\t\t\t\t\t\t\t\t<thead class=\"text-left\">\n\t\t\t\t\t\t\t\t\t\t\t\t\t\t\t\t\t\t\t\t\t\t\t\t\t\t\t\t\t\t<tr class=\"wd-table-row elementor-repeater-item-e254027\">\n\t\t\t\t\t\t\t\t\t\t\t\t\t\t\t\t\t\t\t\t\t\t\t\t\t\t\t\t\t\t\t\t\t\t\t\t<th class=\"wd-table-cell elementor-repeater-item-0a64b9a\" colspan=\"1\" rowspan=\"1\">\n\t\t\t\t\t\t\t\t\t<p><strong>especiaci\u00f3n<\/strong><\/p>\t\t\t\t\t\t\t\t<\/th>\n\t\t\t\t\t\t\t\t\t\t\t\t\t\t\t\t\t\t\t<\/tr>\n\t\t\t\t\t<\/thead>\n\t\t\t\t\n\t\t\t\t<tbody class=\"text-left\">\n\t\t\t\t\t\t\t\t\t\t\t\t\t\t\t\t\t\t\t\t\t\t\t\t\t\t<tr class=\"wd-table-row elementor-repeater-item-964caf0\">\n\t\t\t\t\t\t\t\t\t\t\t\t\t\t\t\t\t\t\t\t\t\t\t\t\t\t\t\t\t\t\t<td class=\"wd-table-cell elementor-repeater-item-c2865c1\" colspan=\"1\" rowspan=\"1\">\n\t\t\t\t\t\t\t<p><strong>Peso<\/strong><\/p>\t\t\t\t\t\t\t<\/td>\n\t\t\t\t\t\t\t\t\t\t\t\t\t\t\t\t\t\t\t\t\t\t\t\t<td class=\"wd-table-cell elementor-repeater-item-eca9af7\" colspan=\"1\" rowspan=\"1\">\n\t\t\t\t\t\t\t<p>11,8 onzas<\/p>\t\t\t\t\t\t\t<\/td>\n\t\t\t\t\t\t\t\t\t\t\t\t\t\t\t\t\t\t\t\t\t\t\t\t\t\t\t\t\t\t\t\t<\/tr>\n\t\t\t\t\t\t\t\t<tr class=\"wd-table-row elementor-repeater-item-af2b69d\">\n\t\t\t\t\t\t\t\t\t\t\t\t\t\t\t\t\t\t\t\t\t\t\t\t\t\t\t\t\t\t\t<td class=\"wd-table-cell elementor-repeater-item-bde6f40\" colspan=\"1\" rowspan=\"1\">\n\t\t\t\t\t\t\t<p><strong>Ancho<\/strong><\/p>\t\t\t\t\t\t\t<\/td>\n\t\t\t\t\t\t\t\t\t\t\t\t\t\t\t\t\t\t\t\t\t\t\t\t<td class=\"wd-table-cell elementor-repeater-item-0394536\" colspan=\"1\" rowspan=\"1\">\n\t\t\t\t\t\t\t<p>58\/59''<\/p>\t\t\t\t\t\t\t<\/td>\n\t\t\t\t\t\t\t\t\t\t\t\t\t\t\t\t\t\t\t\t\t\t\t\t\t\t\t\t\t\t\t\t<\/tr>\n\t\t\t\t\t\t\t\t<tr class=\"wd-table-row elementor-repeater-item-b32ee21\">\n\t\t\t\t\t\t\t\t\t\t\t\t\t\t\t\t\t\t\t\t\t\t\t\t\t\t\t\t\t\t\t<td class=\"wd-table-cell elementor-repeater-item-6f0441b\" colspan=\"1\" rowspan=\"1\">\n\t\t\t\t\t\t\t<p><strong>Recuento de hilos<\/strong><\/p>\t\t\t\t\t\t\t<\/td>\n\t\t\t\t\t\t\t\t\t\t\t\t\t\t\t\t\t\t\t\t\t\t\t\t<td class=\"wd-table-cell elementor-repeater-item-056b9db\" colspan=\"1\" rowspan=\"1\">\n\t\t\t\t\t\t\t\t\t\t\t\t\t\t<\/td>\n\t\t\t\t\t\t\t\t\t\t\t\t\t\t\t\t\t\t\t\t\t\t\t\t\t\t\t\t\t\t\t\t<\/tr>\n\t\t\t\t\t\t\t\t<tr class=\"wd-table-row elementor-repeater-item-132a2cf\">\n\t\t\t\t\t\t\t\t\t\t\t\t\t\t\t\t\t\t\t\t\t\t\t\t\t\t\t\t\t\t\t<td class=\"wd-table-cell elementor-repeater-item-80a9332\" colspan=\"1\" rowspan=\"1\">\n\t\t\t\t\t\t\t<p><strong>Densidad<\/strong><\/p>\t\t\t\t\t\t\t<\/td>\n\t\t\t\t\t\t\t\t\t\t\t\t\t\t\t\t\t\t\t\t\t\t\t\t<td class=\"wd-table-cell elementor-repeater-item-2540336\" colspan=\"1\" rowspan=\"1\">\n\t\t\t\t\t\t\t<p>C=44 T=54 S=2<\/p>\t\t\t\t\t\t\t<\/td>\n\t\t\t\t\t\t\t\t\t\t\t\t\t\t\t\t<\/tr>\n\t\t\t\t<\/tbody>\n\t\t\t<\/table>\n\t\t<\/div>\n\t\t\t\t\t\t<\/div>\n\t\t\t\t<\/div>\n\t\t\t\t\t<\/div>\n\t\t\t\t<\/div>\n\t\t<div class=\"elementor-element elementor-element-48b4734a e-flex e-con-boxed wd-section-disabled e-con e-parent\" data-id=\"48b4734a\" data-element_type=\"container\" data-e-type=\"container\">\n\t\t\t\t\t<div class=\"e-con-inner\">\n\t\t\t\t<div class=\"elementor-element elementor-element-5f4b0781 elementor-widget elementor-widget-image\" data-id=\"5f4b0781\" data-element_type=\"widget\" data-e-type=\"widget\" data-widget_type=\"image.default\">\n\t\t\t\t<div class=\"elementor-widget-container\">\n\t\t\t\t\t\t\t\t\t\t\t\t\t\t\t<img decoding=\"async\" src=\"https:\/\/hxhdenim.com\/wp-content\/uploads\/2024\/01\/FOSHAN-NANHAI-HONGXINGHONG-TEXTILE-CO.LTD_-scaled.jpg\" title=\"FOSHAN NANHAI HONGXINGHONG TEXTIL CO., LTD.\" alt=\"FOSHAN NANHAI HONGXINGHONG TEXTIL CO., LTD.\" loading=\"lazy\" \/>\t\t\t\t\t\t\t\t\t\t\t\t\t\t\t<\/div>\n\t\t\t\t<\/div>\n\t\t\t\t\t<\/div>\n\t\t\t\t<\/div>\n\t\t<div class=\"elementor-element elementor-element-7e16e1af e-flex e-con-boxed wd-section-disabled e-con e-parent\" data-id=\"7e16e1af\" data-element_type=\"container\" data-e-type=\"container\">\n\t\t\t\t\t<div class=\"e-con-inner\">\n\t\t<div class=\"elementor-element elementor-element-29779614 e-con-full e-flex wd-section-disabled e-con e-child\" data-id=\"29779614\" data-element_type=\"container\" data-e-type=\"container\">\n\t\t\t\t<div class=\"elementor-element elementor-element-64c6393c elementor-widget elementor-widget-wd_image_or_svg\" data-id=\"64c6393c\" data-element_type=\"widget\" data-e-type=\"widget\" data-widget_type=\"wd_image_or_svg.default\">\n\t\t\t\t<div class=\"elementor-widget-container\">\n\t\t\t\t\t\n\t\t<div class=\"wd-image text-center photoswipe-images\">\n\t\t\t\t\t\t\t<a  href=\"https:\/\/hxhdenim.com\/wp-content\/uploads\/2024\/01\/1275-dark-blue-2.jpg\"data-width=\"1000\" data-height=\"750\" data-elementor-open-lightbox=\"no\">\n\t\t\t\t\t\t\t\t<img fetchpriority=\"high\" decoding=\"async\" width=\"1000\" height=\"750\" src=\"https:\/\/hxhdenim.com\/wp-content\/uploads\/2024\/01\/1275-dark-blue-2.jpg\" class=\"attachment-full size-full\" alt=\"1275\" srcset=\"https:\/\/hxhdenim.com\/wp-content\/uploads\/2024\/01\/1275-dark-blue-2.jpg 1000w, https:\/\/hxhdenim.com\/wp-content\/uploads\/2024\/01\/1275-dark-blue-2-300x225.jpg 300w, https:\/\/hxhdenim.com\/wp-content\/uploads\/2024\/01\/1275-dark-blue-2-768x576.jpg 768w, https:\/\/hxhdenim.com\/wp-content\/uploads\/2024\/01\/1275-dark-blue-2-16x12.jpg 16w, https:\/\/hxhdenim.com\/wp-content\/uploads\/2024\/01\/1275-dark-blue-2-600x450.jpg 600w, https:\/\/hxhdenim.com\/wp-content\/uploads\/2024\/01\/1275-dark-blue-2-150x113.jpg 150w\" sizes=\"(max-width: 1000px) 100vw, 1000px\" title=\"\">\t\t\t\t\t\t\t<\/a>\n\t\t\t\t\t<\/div>\n\n\t\t\t\t\t\t<\/div>\n\t\t\t\t<\/div>\n\t\t\t\t<\/div>\n\t\t<div class=\"elementor-element elementor-element-447bb1a2 e-con-full e-flex wd-section-disabled e-con e-child\" data-id=\"447bb1a2\" data-element_type=\"container\" data-e-type=\"container\">\n\t\t\t\t<div class=\"elementor-element elementor-element-12845adf elementor-widget elementor-widget-wd_title\" data-id=\"12845adf\" data-element_type=\"widget\" data-e-type=\"widget\" data-widget_type=\"wd_title.default\">\n\t\t\t\t<div class=\"elementor-widget-container\">\n\t\t\t\t\t\t\t<div class=\"title-wrapper set-mb-s reset-last-child wd-title-color-default wd-title-style-default wd-title-size-default text-left\">\n\n\t\t\t\n\t\t\t<div class=\"liner-continer\">\n\t\t\t\t<h4 class=\"woodmart-title-container title wd-fontsize-l\">1275<\/h4> \n\t\t\t\t\t\t\t<\/div>\n\n\t\t\t\t\t<\/div>\n\t\t\t\t\t\t<\/div>\n\t\t\t\t<\/div>\n\t\t\t\t<div class=\"elementor-element elementor-element-727dae30 elementor-widget elementor-widget-wd_text_block\" data-id=\"727dae30\" data-element_type=\"widget\" data-e-type=\"widget\" data-widget_type=\"wd_text_block.default\">\n\t\t\t\t<div class=\"elementor-widget-container\">\n\t\t\t\t\t\t\t<div class=\"wd-text-block reset-last-child text-left\">\n\t\t\t\n\t\t\t<p>Este tejido es la \u00faltima novedad de nuestros productos. La caracter\u00edstica m\u00e1s importante del tejido 1275 es el tejido especial. Es f\u00e1cil de identificar. El wover es similar al estilo RED pero diferente. El tejido es m\u00e1s fino y suave. Adem\u00e1s, la espalda es blanca y de punto falso. Por eso es muy especial y fuera de lo com\u00fan.<\/p>\n\t\t\t\t\t<\/div>\n\t\t\t\t\t\t<\/div>\n\t\t\t\t<\/div>\n\t\t\t\t<\/div>\n\t\t\t\t\t<\/div>\n\t\t\t\t<\/div>\n\t\t<div class=\"elementor-element elementor-element-481dc7dc e-flex e-con-boxed wd-section-disabled e-con e-parent\" data-id=\"481dc7dc\" data-element_type=\"container\" data-e-type=\"container\">\n\t\t\t\t\t<div class=\"e-con-inner\">\n\t\t<div class=\"elementor-element elementor-element-1d32788c e-con-full e-flex wd-section-disabled e-con e-child\" data-id=\"1d32788c\" data-element_type=\"container\" data-e-type=\"container\">\n\t\t\t\t<div class=\"elementor-element elementor-element-6cc00be1 elementor-widget elementor-widget-wd_text_block\" data-id=\"6cc00be1\" data-element_type=\"widget\" data-e-type=\"widget\" data-widget_type=\"wd_text_block.default\">\n\t\t\t\t<div class=\"elementor-widget-container\">\n\t\t\t\t\t\t\t<div class=\"wd-text-block reset-last-child text-left\">\n\t\t\t\n\t\t\t<p style=\"text-align: left;\">La mezclilla es baja en algod\u00f3n y spandex. La composici\u00f3n est\u00e1 mezclada \u00fanicamente con algod\u00f3n 44%, poli\u00e9ster 54% y spandex 2%. Pero se siente suave y c\u00f3modo en la mano. El peso de la tela es de 11,8 OZ BW y alcanza 13,8 OZ AW, por lo que es muy grueso. No es ninguna cruz y sub. Es adecuado para vestir a hombres y mujeres de viento neutro con estilo retro y rom\u00e1ntico.<\/p>\n\t\t\t\t\t<\/div>\n\t\t\t\t\t\t<\/div>\n\t\t\t\t<\/div>\n\t\t\t\t<\/div>\n\t\t<div class=\"elementor-element elementor-element-349a9424 e-con-full e-flex wd-section-disabled e-con e-child\" data-id=\"349a9424\" data-element_type=\"container\" data-e-type=\"container\">\n\t\t\t\t<div class=\"elementor-element elementor-element-6d774e4f elementor-widget elementor-widget-wd_images_gallery\" data-id=\"6d774e4f\" data-element_type=\"widget\" data-e-type=\"widget\" data-widget_type=\"wd_images_gallery.default\">\n\t\t\t\t<div class=\"elementor-widget-container\">\n\t\t\t\t\t\t\t<div class=\"wd-images-gallery wd-justify-center wd-items-middle view-grid photoswipe-images\" >\n\t\t\t<div class=\"gallery-images row wd-spacing-0\">\n\t\t\t\t\t\t\t\t\t\t\t\t\t\t<div class=\"wd-gallery-item  col-lg-6 col-md-6 col-12\">\n\t\t\t\t\t\t\t\t\t\t\t\t\t<a  href=\"https:\/\/hxhdenim.com\/wp-content\/uploads\/2024\/01\/1275-dark-blue-3.jpg\"data-width=\"1000\" data-height=\"750\" data-index=\"1\" data-elementor-open-lightbox=\"no\">\n\t\t\t\t\t\t\n\t\t\t\t\t\t<img decoding=\"async\" src=\"https:\/\/hxhdenim.com\/wp-content\/uploads\/2024\/01\/1275-dark-blue-3.jpg\" alt=\"1275\" title=\"\">\n\t\t\t\t\t\t\t\t\t\t\t\t\t<\/a>\n\t\t\t\t\t\t\t\t\t\t\t<\/div>\n\t\t\t\t\t\t\t\t\t\t\t\t\t\t\t<div class=\"wd-gallery-item  col-lg-6 col-md-6 col-12\">\n\t\t\t\t\t\t\t\t\t\t\t\t\t<a  href=\"https:\/\/hxhdenim.com\/wp-content\/uploads\/2024\/01\/1275-dark-blue-4.jpg\"data-width=\"1000\" data-height=\"750\" data-index=\"2\" data-elementor-open-lightbox=\"no\">\n\t\t\t\t\t\t\n\t\t\t\t\t\t<img decoding=\"async\" src=\"https:\/\/hxhdenim.com\/wp-content\/uploads\/2024\/01\/1275-dark-blue-4.jpg\" alt=\"1275\" title=\"\">\n\t\t\t\t\t\t\t\t\t\t\t\t\t<\/a>\n\t\t\t\t\t\t\t\t\t\t\t<\/div>\n\t\t\t\t\t\t\t\t<\/div>\n\t\t<\/div>\n\t\t\t\t\t\t<\/div>\n\t\t\t\t<\/div>\n\t\t\t\t<\/div>\n\t\t\t\t\t<\/div>\n\t\t\t\t<\/div>\n\t\t<div class=\"elementor-element elementor-element-51b8a044 e-flex e-con-boxed wd-section-disabled e-con e-parent\" data-id=\"51b8a044\" data-element_type=\"container\" data-e-type=\"container\">\n\t\t\t\t\t<div class=\"e-con-inner\">\n\t\t<div class=\"elementor-element elementor-element-7e2e9d4 e-con-full e-flex wd-section-disabled e-con e-child\" data-id=\"7e2e9d4\" data-element_type=\"container\" data-e-type=\"container\">\n\t\t\t\t<div class=\"elementor-element elementor-element-35872570 elementor-widget elementor-widget-wd_images_gallery\" data-id=\"35872570\" data-element_type=\"widget\" data-e-type=\"widget\" data-widget_type=\"wd_images_gallery.default\">\n\t\t\t\t<div class=\"elementor-widget-container\">\n\t\t\t\t\t\t\t<div class=\"wd-images-gallery wd-justify-center wd-items-middle view-grid photoswipe-images\" >\n\t\t\t<div class=\"gallery-images row wd-spacing-0\">\n\t\t\t\t\t\t\t\t\t\t\t\t\t\t<div class=\"wd-gallery-item  col-lg-6 col-md-6 col-12\">\n\t\t\t\t\t\t\t\t\t\t\t\t\t<a  href=\"https:\/\/hxhdenim.com\/wp-content\/uploads\/2024\/01\/1275-dark-blue-5.jpg\"data-width=\"1000\" data-height=\"750\" data-index=\"1\" data-elementor-open-lightbox=\"no\">\n\t\t\t\t\t\t\n\t\t\t\t\t\t<img decoding=\"async\" src=\"https:\/\/hxhdenim.com\/wp-content\/uploads\/2024\/01\/1275-dark-blue-5.jpg\" alt=\"1275\" title=\"\">\n\t\t\t\t\t\t\t\t\t\t\t\t\t<\/a>\n\t\t\t\t\t\t\t\t\t\t\t<\/div>\n\t\t\t\t\t\t\t\t\t\t\t\t\t\t\t<div class=\"wd-gallery-item  col-lg-6 col-md-6 col-12\">\n\t\t\t\t\t\t\t\t\t\t\t\t\t<a  href=\"https:\/\/hxhdenim.com\/wp-content\/uploads\/2024\/01\/1275-dark-blue-1.jpg\"data-width=\"1000\" data-height=\"750\" data-index=\"2\" data-elementor-open-lightbox=\"no\">\n\t\t\t\t\t\t\n\t\t\t\t\t\t<img decoding=\"async\" src=\"https:\/\/hxhdenim.com\/wp-content\/uploads\/2024\/01\/1275-dark-blue-1.jpg\" alt=\"1275\" title=\"\">\n\t\t\t\t\t\t\t\t\t\t\t\t\t<\/a>\n\t\t\t\t\t\t\t\t\t\t\t<\/div>\n\t\t\t\t\t\t\t\t<\/div>\n\t\t<\/div>\n\t\t\t\t\t\t<\/div>\n\t\t\t\t<\/div>\n\t\t\t\t<\/div>\n\t\t<div class=\"elementor-element elementor-element-715529ca e-con-full e-flex wd-section-disabled e-con e-child\" data-id=\"715529ca\" data-element_type=\"container\" data-e-type=\"container\">\n\t\t\t\t<div class=\"elementor-element elementor-element-51927568 elementor-widget elementor-widget-wd_text_block\" data-id=\"51927568\" data-element_type=\"widget\" data-e-type=\"widget\" data-widget_type=\"wd_text_block.default\">\n\t\t\t\t<div class=\"elementor-widget-container\">\n\t\t\t\t\t\t\t<div class=\"wd-text-block reset-last-child text-left\">\n\t\t\t\n\t\t\t<p>Est\u00e1 muy de moda entre los hombres de negocios usar una chaqueta de traje de lana marr\u00f3n, un c\u00e1rdigan de punto rojo, una camisa a rayas, una corbata estampada y un denim recto de color azul intenso. Eso parece moderno y casual, no formal y r\u00edgido. Est\u00e1 muy de moda y es informal que las mujeres usen ese estilo con botas cortas para tener m\u00e1s libertad en invierno.<\/p>\n\t\t\t\t\t<\/div>\n\t\t\t\t\t\t<\/div>\n\t\t\t\t<\/div>\n\t\t\t\t<\/div>\n\t\t\t\t\t<\/div>\n\t\t\t\t<\/div>\n\t\t\t\t<\/div>","protected":false},"excerpt":{"rendered":"<p>Speciation Weight 11.8 oz Width 58\/59&#8221; Yarn Count Density C=44 T=54 S=2 1275 &nbsp; This fabric is the latest news<\/p>","protected":false},"featured_media":616,"comment_status":"open","ping_status":"closed","template":"","meta":{"_lmt_disableupdate":"no","_lmt_disable":""},"product_brand":[],"product_cat":[18],"product_tag":[30,29,21,25,20],"class_list":{"0":"post-612","1":"product","2":"type-product","3":"status-publish","4":"has-post-thumbnail","6":"product_cat-stretch-denim","7":"product_tag-fashion","8":"product_tag-heavy-weight","9":"product_tag-jacquard","10":"product_tag-men","11":"product_tag-slub","13":"first","14":"instock","15":"shipping-taxable","16":"purchasable","17":"product-type-simple"},"_links":{"self":[{"href":"https:\/\/hxhdenim.com\/es\/wp-json\/wp\/v2\/product\/612","targetHints":{"allow":["GET"]}}],"collection":[{"href":"https:\/\/hxhdenim.com\/es\/wp-json\/wp\/v2\/product"}],"about":[{"href":"https:\/\/hxhdenim.com\/es\/wp-json\/wp\/v2\/types\/product"}],"replies":[{"embeddable":true,"href":"https:\/\/hxhdenim.com\/es\/wp-json\/wp\/v2\/comments?post=612"}],"version-history":[{"count":9,"href":"https:\/\/hxhdenim.com\/es\/wp-json\/wp\/v2\/product\/612\/revisions"}],"predecessor-version":[{"id":1687,"href":"https:\/\/hxhdenim.com\/es\/wp-json\/wp\/v2\/product\/612\/revisions\/1687"}],"wp:featuredmedia":[{"embeddable":true,"href":"https:\/\/hxhdenim.com\/es\/wp-json\/wp\/v2\/media\/616"}],"wp:attachment":[{"href":"https:\/\/hxhdenim.com\/es\/wp-json\/wp\/v2\/media?parent=612"}],"wp:term":[{"taxonomy":"product_brand","embeddable":true,"href":"https:\/\/hxhdenim.com\/es\/wp-json\/wp\/v2\/product_brand?post=612"},{"taxonomy":"product_cat","embeddable":true,"href":"https:\/\/hxhdenim.com\/es\/wp-json\/wp\/v2\/product_cat?post=612"},{"taxonomy":"product_tag","embeddable":true,"href":"https:\/\/hxhdenim.com\/es\/wp-json\/wp\/v2\/product_tag?post=612"}],"curies":[{"name":"wp","href":"https:\/\/api.w.org\/{rel}","templated":true}]}}