{"id":660,"date":"2024-01-28T09:58:32","date_gmt":"2024-01-28T09:58:32","guid":{"rendered":"https:\/\/hxhdenim.com\/?post_type=product&#038;p=660"},"modified":"2024-03-07T05:43:44","modified_gmt":"2024-03-07T05:43:44","slug":"7053","status":"publish","type":"product","link":"https:\/\/hxhdenim.com\/es\/product\/7053\/","title":{"rendered":"Sarga el\u00e1stica cl\u00e1sica, precio bajo, venta r\u00e1pida, azul denim cl\u00e1sico"},"content":{"rendered":"<div data-elementor-type=\"wp-post\" data-elementor-id=\"660\" class=\"elementor elementor-660\">\n\t\t\t\t<div class=\"elementor-element elementor-element-77f746a e-flex e-con-boxed wd-section-disabled e-con e-parent\" data-id=\"77f746a\" data-element_type=\"container\" data-e-type=\"container\">\n\t\t\t\t\t<div class=\"e-con-inner\">\n\t\t\t\t<div class=\"elementor-element elementor-element-889904a elementor-widget elementor-widget-wd_table\" data-id=\"889904a\" data-element_type=\"widget\" data-e-type=\"widget\" data-widget_type=\"wd_table.default\">\n\t\t\t\t<div class=\"elementor-widget-container\">\n\t\t\t\t\t\t\t<div class=\"wd-el-table-wrap wd-reset-all-last\">\n\t\t\t<table class=\"wd-el-table\">\n\t\t\t\t\t\t\t\t\t<thead class=\"text-left\">\n\t\t\t\t\t\t\t\t\t\t\t\t\t\t\t\t\t\t\t\t\t\t\t\t\t\t\t\t\t\t<tr class=\"wd-table-row elementor-repeater-item-e254027\">\n\t\t\t\t\t\t\t\t\t\t\t\t\t\t\t\t\t\t\t\t\t\t\t\t\t\t\t\t\t\t\t\t\t\t\t\t<th class=\"wd-table-cell elementor-repeater-item-0a64b9a\" colspan=\"1\" rowspan=\"1\">\n\t\t\t\t\t\t\t\t\t<p><strong>especiaci\u00f3n<\/strong><\/p>\t\t\t\t\t\t\t\t<\/th>\n\t\t\t\t\t\t\t\t\t\t\t\t\t\t\t\t\t\t\t<\/tr>\n\t\t\t\t\t<\/thead>\n\t\t\t\t\n\t\t\t\t<tbody class=\"text-left\">\n\t\t\t\t\t\t\t\t\t\t\t\t\t\t\t\t\t\t\t\t\t\t\t\t\t\t<tr class=\"wd-table-row elementor-repeater-item-964caf0\">\n\t\t\t\t\t\t\t\t\t\t\t\t\t\t\t\t\t\t\t\t\t\t\t\t\t\t\t\t\t\t\t<td class=\"wd-table-cell elementor-repeater-item-c2865c1\" colspan=\"1\" rowspan=\"1\">\n\t\t\t\t\t\t\t<p><strong>Peso<\/strong><\/p>\t\t\t\t\t\t\t<\/td>\n\t\t\t\t\t\t\t\t\t\t\t\t\t\t\t\t\t\t\t\t\t\t\t\t<td class=\"wd-table-cell elementor-repeater-item-eca9af7\" colspan=\"1\" rowspan=\"1\">\n\t\t\t\t\t\t\t<p>10.3 oz<\/p>\t\t\t\t\t\t\t<\/td>\n\t\t\t\t\t\t\t\t\t\t\t\t\t\t\t\t\t\t\t\t\t\t\t\t\t\t\t\t\t\t\t\t<\/tr>\n\t\t\t\t\t\t\t\t<tr class=\"wd-table-row elementor-repeater-item-af2b69d\">\n\t\t\t\t\t\t\t\t\t\t\t\t\t\t\t\t\t\t\t\t\t\t\t\t\t\t\t\t\t\t\t<td class=\"wd-table-cell elementor-repeater-item-bde6f40\" colspan=\"1\" rowspan=\"1\">\n\t\t\t\t\t\t\t<p><strong>Ancho<\/strong><\/p>\t\t\t\t\t\t\t<\/td>\n\t\t\t\t\t\t\t\t\t\t\t\t\t\t\t\t\t\t\t\t\t\t\t\t<td class=\"wd-table-cell elementor-repeater-item-0394536\" colspan=\"1\" rowspan=\"1\">\n\t\t\t\t\t\t\t<p>69\/70''<\/p>\t\t\t\t\t\t\t<\/td>\n\t\t\t\t\t\t\t\t\t\t\t\t\t\t\t\t\t\t\t\t\t\t\t\t\t\t\t\t\t\t\t\t<\/tr>\n\t\t\t\t\t\t\t\t<tr class=\"wd-table-row elementor-repeater-item-b32ee21\">\n\t\t\t\t\t\t\t\t\t\t\t\t\t\t\t\t\t\t\t\t\t\t\t\t\t\t\t\t\t\t\t<td class=\"wd-table-cell elementor-repeater-item-6f0441b\" colspan=\"1\" rowspan=\"1\">\n\t\t\t\t\t\t\t<p><strong>Recuento de hilos<\/strong><\/p>\t\t\t\t\t\t\t<\/td>\n\t\t\t\t\t\t\t\t\t\t\t\t\t\t\t\t\t\t\t\t\t\t\t\t<td class=\"wd-table-cell elementor-repeater-item-056b9db\" colspan=\"1\" rowspan=\"1\">\n\t\t\t\t\t\t\t<p>10sOE*16\/40TR+16\/70TR<\/p>\t\t\t\t\t\t\t<\/td>\n\t\t\t\t\t\t\t\t\t\t\t\t\t\t\t\t\t\t\t\t\t\t\t\t\t\t\t\t\t\t\t\t<\/tr>\n\t\t\t\t\t\t\t\t<tr class=\"wd-table-row elementor-repeater-item-132a2cf\">\n\t\t\t\t\t\t\t\t\t\t\t\t\t\t\t\t\t\t\t\t\t\t\t\t\t\t\t\t\t\t\t<td class=\"wd-table-cell elementor-repeater-item-80a9332\" colspan=\"1\" rowspan=\"1\">\n\t\t\t\t\t\t\t<p><strong>Densidad<\/strong><\/p>\t\t\t\t\t\t\t<\/td>\n\t\t\t\t\t\t\t\t\t\t\t\t\t\t\t\t\t\t\t\t\t\t\t\t<td class=\"wd-table-cell elementor-repeater-item-2540336\" colspan=\"1\" rowspan=\"1\">\n\t\t\t\t\t\t\t<p>C=60 T=28.5 R=10 S=1.5<\/p>\t\t\t\t\t\t\t<\/td>\n\t\t\t\t\t\t\t\t\t\t\t\t\t\t\t\t<\/tr>\n\t\t\t\t<\/tbody>\n\t\t\t<\/table>\n\t\t<\/div>\n\t\t\t\t\t\t<\/div>\n\t\t\t\t<\/div>\n\t\t\t\t\t<\/div>\n\t\t\t\t<\/div>\n\t\t<div class=\"elementor-element elementor-element-221a7d16 e-flex e-con-boxed wd-section-disabled e-con e-parent\" data-id=\"221a7d16\" data-element_type=\"container\" data-e-type=\"container\">\n\t\t\t\t\t<div class=\"e-con-inner\">\n\t\t\t\t<div class=\"elementor-element elementor-element-700d6576 elementor-widget elementor-widget-image\" data-id=\"700d6576\" data-element_type=\"widget\" data-e-type=\"widget\" data-widget_type=\"image.default\">\n\t\t\t\t<div class=\"elementor-widget-container\">\n\t\t\t\t\t\t\t\t\t\t\t\t\t\t\t<img decoding=\"async\" src=\"https:\/\/hxhdenim.com\/wp-content\/uploads\/2024\/01\/FOSHAN-NANHAI-HONGXINGHONG-TEXTILE-CO.LTD_-scaled.jpg\" title=\"FOSHAN NANHAI HONGXINGHONG TEXTIL CO., LTD.\" alt=\"FOSHAN NANHAI HONGXINGHONG TEXTIL CO., LTD.\" loading=\"lazy\" \/>\t\t\t\t\t\t\t\t\t\t\t\t\t\t\t<\/div>\n\t\t\t\t<\/div>\n\t\t\t\t\t<\/div>\n\t\t\t\t<\/div>\n\t\t<div class=\"elementor-element elementor-element-5afbc4d6 e-flex e-con-boxed wd-section-disabled e-con e-parent\" data-id=\"5afbc4d6\" data-element_type=\"container\" data-e-type=\"container\">\n\t\t\t\t\t<div class=\"e-con-inner\">\n\t\t<div class=\"elementor-element elementor-element-7ff4501 e-con-full e-flex wd-section-disabled e-con e-child\" data-id=\"7ff4501\" data-element_type=\"container\" data-e-type=\"container\">\n\t\t\t\t<div class=\"elementor-element elementor-element-646a8e2 elementor-widget elementor-widget-wd_image_or_svg\" data-id=\"646a8e2\" data-element_type=\"widget\" data-e-type=\"widget\" data-widget_type=\"wd_image_or_svg.default\">\n\t\t\t\t<div class=\"elementor-widget-container\">\n\t\t\t\t\t\n\t\t<div class=\"wd-image text-center photoswipe-images\">\n\t\t\t\t\t\t\t<a  href=\"https:\/\/hxhdenim.com\/wp-content\/uploads\/2024\/01\/7053-dark-blue-1.jpg\"data-width=\"1000\" data-height=\"750\" data-elementor-open-lightbox=\"no\">\n\t\t\t\t\t\t\t\t<img fetchpriority=\"high\" decoding=\"async\" width=\"1000\" height=\"750\" src=\"https:\/\/hxhdenim.com\/wp-content\/uploads\/2024\/01\/7053-dark-blue-1.jpg\" class=\"attachment-full size-full\" alt=\"7053\" srcset=\"https:\/\/hxhdenim.com\/wp-content\/uploads\/2024\/01\/7053-dark-blue-1.jpg 1000w, https:\/\/hxhdenim.com\/wp-content\/uploads\/2024\/01\/7053-dark-blue-1-300x225.jpg 300w, https:\/\/hxhdenim.com\/wp-content\/uploads\/2024\/01\/7053-dark-blue-1-768x576.jpg 768w, https:\/\/hxhdenim.com\/wp-content\/uploads\/2024\/01\/7053-dark-blue-1-16x12.jpg 16w, https:\/\/hxhdenim.com\/wp-content\/uploads\/2024\/01\/7053-dark-blue-1-600x450.jpg 600w, https:\/\/hxhdenim.com\/wp-content\/uploads\/2024\/01\/7053-dark-blue-1-150x113.jpg 150w\" sizes=\"(max-width: 1000px) 100vw, 1000px\" title=\"\">\t\t\t\t\t\t\t<\/a>\n\t\t\t\t\t<\/div>\n\n\t\t\t\t\t\t<\/div>\n\t\t\t\t<\/div>\n\t\t\t\t<\/div>\n\t\t<div class=\"elementor-element elementor-element-471ccd70 e-con-full e-flex wd-section-disabled e-con e-child\" data-id=\"471ccd70\" data-element_type=\"container\" data-e-type=\"container\">\n\t\t\t\t<div class=\"elementor-element elementor-element-2dc3bbf8 elementor-widget elementor-widget-wd_title\" data-id=\"2dc3bbf8\" data-element_type=\"widget\" data-e-type=\"widget\" data-widget_type=\"wd_title.default\">\n\t\t\t\t<div class=\"elementor-widget-container\">\n\t\t\t\t\t\t\t<div class=\"title-wrapper set-mb-s reset-last-child wd-title-color-default wd-title-style-default wd-title-size-default text-left\">\n\n\t\t\t\n\t\t\t<div class=\"liner-continer\">\n\t\t\t\t<h4 class=\"woodmart-title-container title wd-fontsize-l\">7053<\/h4> \n\t\t\t\t\t\t\t<\/div>\n\n\t\t\t\t\t<\/div>\n\t\t\t\t\t\t<\/div>\n\t\t\t\t<\/div>\n\t\t\t\t<div class=\"elementor-element elementor-element-58a8695e elementor-widget elementor-widget-wd_text_block\" data-id=\"58a8695e\" data-element_type=\"widget\" data-e-type=\"widget\" data-widget_type=\"wd_text_block.default\">\n\t\t\t\t<div class=\"elementor-widget-container\">\n\t\t\t\t\t\t\t<div class=\"wd-text-block reset-last-child text-left\">\n\t\t\t\n\t\t\t<p>Item 7053 is a style of OE cotton and TR composition. The colour is the classic deep blue. This is the classic 3\/1 twill. There is no cross and no slub.The composition is 60%cotton,28.5%ployester,10%viscose,1.5%spandex.The yarn is 10OE*16\/40TR+16\/70TR.<\/p>\n\t\t\t\t\t<\/div>\n\t\t\t\t\t\t<\/div>\n\t\t\t\t<\/div>\n\t\t\t\t<\/div>\n\t\t\t\t\t<\/div>\n\t\t\t\t<\/div>\n\t\t<div class=\"elementor-element elementor-element-585df4b9 e-flex e-con-boxed wd-section-disabled e-con e-parent\" data-id=\"585df4b9\" data-element_type=\"container\" data-e-type=\"container\">\n\t\t\t\t\t<div class=\"e-con-inner\">\n\t\t<div class=\"elementor-element elementor-element-7a0d44d2 e-con-full e-flex wd-section-disabled e-con e-child\" data-id=\"7a0d44d2\" data-element_type=\"container\" data-e-type=\"container\">\n\t\t\t\t<div class=\"elementor-element elementor-element-3ad261b5 elementor-widget elementor-widget-wd_text_block\" data-id=\"3ad261b5\" data-element_type=\"widget\" data-e-type=\"widget\" data-widget_type=\"wd_text_block.default\">\n\t\t\t\t<div class=\"elementor-widget-container\">\n\t\t\t\t\t\t\t<div class=\"wd-text-block reset-last-child text-left\">\n\t\t\t\n\t\t\t<p style=\"text-align: left;\">It is very suitable for some garments that like the viscose composition and the price is not very high, but the quality is OK. It is soft by your hands, a little hard, but it is all right. The stretch is medium. The BW weight is 10.3 OZ. The Weight is Medium, too. So the fabric is suitable for spring, summer, and autumn. The width of the fabric is 180cm.<\/p>\n\t\t\t\t\t<\/div>\n\t\t\t\t\t\t<\/div>\n\t\t\t\t<\/div>\n\t\t\t\t<\/div>\n\t\t<div class=\"elementor-element elementor-element-2f4e90fd e-con-full e-flex wd-section-disabled e-con e-child\" data-id=\"2f4e90fd\" data-element_type=\"container\" data-e-type=\"container\">\n\t\t\t\t<div class=\"elementor-element elementor-element-12fa1ac elementor-widget elementor-widget-wd_image_or_svg\" data-id=\"12fa1ac\" data-element_type=\"widget\" data-e-type=\"widget\" data-widget_type=\"wd_image_or_svg.default\">\n\t\t\t\t<div class=\"elementor-widget-container\">\n\t\t\t\t\t\n\t\t<div class=\"wd-image text-left photoswipe-images\">\n\t\t\t\t\t\t\t<a  href=\"https:\/\/hxhdenim.com\/wp-content\/uploads\/2024\/01\/7053-dark-blue-2.jpg\"data-width=\"1000\" data-height=\"750\" data-elementor-open-lightbox=\"no\">\n\t\t\t\t\t\t\t\t<img decoding=\"async\" width=\"1000\" height=\"750\" src=\"https:\/\/hxhdenim.com\/wp-content\/uploads\/2024\/01\/7053-dark-blue-2.jpg\" class=\"attachment-full size-full\" alt=\"7053\" srcset=\"https:\/\/hxhdenim.com\/wp-content\/uploads\/2024\/01\/7053-dark-blue-2.jpg 1000w, https:\/\/hxhdenim.com\/wp-content\/uploads\/2024\/01\/7053-dark-blue-2-300x225.jpg 300w, https:\/\/hxhdenim.com\/wp-content\/uploads\/2024\/01\/7053-dark-blue-2-768x576.jpg 768w, https:\/\/hxhdenim.com\/wp-content\/uploads\/2024\/01\/7053-dark-blue-2-16x12.jpg 16w, https:\/\/hxhdenim.com\/wp-content\/uploads\/2024\/01\/7053-dark-blue-2-600x450.jpg 600w, https:\/\/hxhdenim.com\/wp-content\/uploads\/2024\/01\/7053-dark-blue-2-150x113.jpg 150w\" sizes=\"(max-width: 1000px) 100vw, 1000px\" title=\"\">\t\t\t\t\t\t\t<\/a>\n\t\t\t\t\t<\/div>\n\n\t\t\t\t\t\t<\/div>\n\t\t\t\t<\/div>\n\t\t\t\t<\/div>\n\t\t\t\t\t<\/div>\n\t\t\t\t<\/div>\n\t\t<div class=\"elementor-element elementor-element-7abf59cd e-flex e-con-boxed wd-section-disabled e-con e-parent\" data-id=\"7abf59cd\" data-element_type=\"container\" data-e-type=\"container\">\n\t\t\t\t\t<div class=\"e-con-inner\">\n\t\t<div class=\"elementor-element elementor-element-3e54e327 e-con-full e-flex wd-section-disabled e-con e-child\" data-id=\"3e54e327\" data-element_type=\"container\" data-e-type=\"container\">\n\t\t\t\t<div class=\"elementor-element elementor-element-bb4d9d8 elementor-widget elementor-widget-wd_image_or_svg\" data-id=\"bb4d9d8\" data-element_type=\"widget\" data-e-type=\"widget\" data-widget_type=\"wd_image_or_svg.default\">\n\t\t\t\t<div class=\"elementor-widget-container\">\n\t\t\t\t\t\n\t\t<div class=\"wd-image text-left photoswipe-images\">\n\t\t\t\t\t\t\t<a  href=\"https:\/\/hxhdenim.com\/wp-content\/uploads\/2024\/01\/7053-dark-blue-3.jpg\"data-width=\"1000\" data-height=\"750\" data-elementor-open-lightbox=\"no\">\n\t\t\t\t\t\t\t\t<img decoding=\"async\" width=\"1000\" height=\"750\" src=\"https:\/\/hxhdenim.com\/wp-content\/uploads\/2024\/01\/7053-dark-blue-3.jpg\" class=\"attachment-full size-full\" alt=\"7053\" srcset=\"https:\/\/hxhdenim.com\/wp-content\/uploads\/2024\/01\/7053-dark-blue-3.jpg 1000w, https:\/\/hxhdenim.com\/wp-content\/uploads\/2024\/01\/7053-dark-blue-3-300x225.jpg 300w, https:\/\/hxhdenim.com\/wp-content\/uploads\/2024\/01\/7053-dark-blue-3-768x576.jpg 768w, https:\/\/hxhdenim.com\/wp-content\/uploads\/2024\/01\/7053-dark-blue-3-16x12.jpg 16w, https:\/\/hxhdenim.com\/wp-content\/uploads\/2024\/01\/7053-dark-blue-3-600x450.jpg 600w, https:\/\/hxhdenim.com\/wp-content\/uploads\/2024\/01\/7053-dark-blue-3-150x113.jpg 150w\" sizes=\"(max-width: 1000px) 100vw, 1000px\" title=\"\">\t\t\t\t\t\t\t<\/a>\n\t\t\t\t\t<\/div>\n\n\t\t\t\t\t\t<\/div>\n\t\t\t\t<\/div>\n\t\t\t\t<\/div>\n\t\t<div class=\"elementor-element elementor-element-7e012913 e-con-full e-flex wd-section-disabled e-con e-child\" data-id=\"7e012913\" data-element_type=\"container\" data-e-type=\"container\">\n\t\t\t\t<div class=\"elementor-element elementor-element-4f408008 elementor-widget elementor-widget-wd_text_block\" data-id=\"4f408008\" data-element_type=\"widget\" data-e-type=\"widget\" data-widget_type=\"wd_text_block.default\">\n\t\t\t\t<div class=\"elementor-widget-container\">\n\t\t\t\t\t\t\t<div class=\"wd-text-block reset-last-child text-left\">\n\t\t\t\n\t\t\t<p>For the fabric is fine and smooth, it is suitable for women who are not too thin or too fat. It can be made in skinny jeans, showing the leg type. It can be made in straight-leg pants or hanging feet style, it is suitable for many people<\/p>\n\t\t\t\t\t<\/div>\n\t\t\t\t\t\t<\/div>\n\t\t\t\t<\/div>\n\t\t\t\t<\/div>\n\t\t\t\t\t<\/div>\n\t\t\t\t<\/div>\n\t\t\t\t<\/div>","protected":false},"excerpt":{"rendered":"<p>Speciation Weight 10.3 oz Width 69\/70&#8221; Yarn Count 10sOE*16\/40TR+16\/70TR Density C=60 T=28.5 R=10 S=1.5 7053 Item 7053 is a style<\/p>","protected":false},"featured_media":667,"comment_status":"open","ping_status":"closed","template":"","meta":{"_lmt_disableupdate":"no","_lmt_disable":""},"product_brand":[],"product_cat":[18],"product_tag":[22,23,26],"class_list":{"0":"post-660","1":"product","2":"type-product","3":"status-publish","4":"has-post-thumbnail","6":"product_cat-stretch-denim","7":"product_tag-plain","8":"product_tag-vintage","9":"product_tag-women","11":"first","12":"instock","13":"shipping-taxable","14":"purchasable","15":"product-type-simple"},"_links":{"self":[{"href":"https:\/\/hxhdenim.com\/es\/wp-json\/wp\/v2\/product\/660","targetHints":{"allow":["GET"]}}],"collection":[{"href":"https:\/\/hxhdenim.com\/es\/wp-json\/wp\/v2\/product"}],"about":[{"href":"https:\/\/hxhdenim.com\/es\/wp-json\/wp\/v2\/types\/product"}],"replies":[{"embeddable":true,"href":"https:\/\/hxhdenim.com\/es\/wp-json\/wp\/v2\/comments?post=660"}],"version-history":[{"count":11,"href":"https:\/\/hxhdenim.com\/es\/wp-json\/wp\/v2\/product\/660\/revisions"}],"predecessor-version":[{"id":1288,"href":"https:\/\/hxhdenim.com\/es\/wp-json\/wp\/v2\/product\/660\/revisions\/1288"}],"wp:featuredmedia":[{"embeddable":true,"href":"https:\/\/hxhdenim.com\/es\/wp-json\/wp\/v2\/media\/667"}],"wp:attachment":[{"href":"https:\/\/hxhdenim.com\/es\/wp-json\/wp\/v2\/media?parent=660"}],"wp:term":[{"taxonomy":"product_brand","embeddable":true,"href":"https:\/\/hxhdenim.com\/es\/wp-json\/wp\/v2\/product_brand?post=660"},{"taxonomy":"product_cat","embeddable":true,"href":"https:\/\/hxhdenim.com\/es\/wp-json\/wp\/v2\/product_cat?post=660"},{"taxonomy":"product_tag","embeddable":true,"href":"https:\/\/hxhdenim.com\/es\/wp-json\/wp\/v2\/product_tag?post=660"}],"curies":[{"name":"wp","href":"https:\/\/api.w.org\/{rel}","templated":true}]}}